{"id":778,"date":"2022-09-19T08:53:36","date_gmt":"2022-09-19T08:53:36","guid":{"rendered":"http:\/\/www.severinkroj.com\/?page_id=778"},"modified":"2023-05-10T10:23:25","modified_gmt":"2023-05-10T10:23:25","slug":"singing-ceremony-with-shamanika-love","status":"publish","type":"page","link":"http:\/\/www.severinkroj.com\/?page_id=778","title":{"rendered":"Singing Ceremony with SHAMANIKA LOVE"},"content":{"rendered":"\n<p><a rel=\"noreferrer noopener\" href=\"http:\/\/www.severinkroj.com\/?page_id=521\" target=\"_blank\">URNIK VSEH DOGODKOV<\/a><\/p>\n\n\n\n<figure class=\"wp-block-image size-large is-resized\"><img loading=\"lazy\" decoding=\"async\" src=\"http:\/\/www.severinkroj.com\/wp-content\/uploads\/2022\/09\/sh-laov-1024x576.jpeg\" alt=\"\" class=\"wp-image-779\" width=\"397\" height=\"223\" srcset=\"http:\/\/www.severinkroj.com\/wp-content\/uploads\/2022\/09\/sh-laov-1024x576.jpeg 1024w, http:\/\/www.severinkroj.com\/wp-content\/uploads\/2022\/09\/sh-laov-300x169.jpeg 300w, http:\/\/www.severinkroj.com\/wp-content\/uploads\/2022\/09\/sh-laov-768x432.jpeg 768w, http:\/\/www.severinkroj.com\/wp-content\/uploads\/2022\/09\/sh-laov-1536x864.jpeg 1536w, http:\/\/www.severinkroj.com\/wp-content\/uploads\/2022\/09\/sh-laov.jpeg 1600w\" sizes=\"auto, (max-width: 397px) 100vw, 397px\" \/><\/figure>\n\n\n\n<p>Odpremo sveti prostor, ki je namenjen bivanju vsega, kar smo, tukaj in zdaj. <\/p>\n\n\n\n<p>Pojemo pesmi, ki opevajo svobodo, ljubezen med ljudmi, <br>kli\u010dejo na pomo\u010d zavest elementov stvarstva, harmonijo. <\/p>\n\n\n\n<p><a rel=\"noreferrer noopener\" href=\"https:\/\/www.youtube.com\/watch?v=2auRt-4wz6s&amp;list=PLWjVR9eD-vOCbXQaTQ3ozKPS3xMjIIDyr&amp;ab_channel=SHAMANIKA\" target=\"_blank\"><strong>Youtube playlista SHAMANIKA LOVE<\/strong> (live)<\/a><\/p>\n\n\n\n<figure class=\"wp-block-image size-large is-resized\"><img loading=\"lazy\" decoding=\"async\" src=\"http:\/\/www.severinkroj.com\/wp-content\/uploads\/2023\/05\/shamanika-2.jpg\" alt=\"\" class=\"wp-image-1104\" width=\"386\" height=\"289\"\/><\/figure>\n\n\n\n<p>Odpremo se za sprejemanje vse te lepote. <\/p>\n\n\n\n<p>Da bi videli in \u010dutili polno \u017eivljenje, tak\u0161no, kot je. <\/p>\n\n\n\n<p>Za udele\u017eence na\u0161e ceremonije pevsko predznanje ni potrebno. <br>Pojemo pesmi v ve\u010d jezikih, pripravljene imamo tudi tekste. <\/p>\n\n\n\n<p>Singing Ceremony lahko izpeljemo tudi kot koncert. <\/p>\n\n\n\n<figure class=\"wp-block-image size-large is-resized\"><img loading=\"lazy\" decoding=\"async\" src=\"http:\/\/www.severinkroj.com\/wp-content\/uploads\/2023\/05\/shamanika-3.jpg\" alt=\"\" class=\"wp-image-1105\" width=\"402\" height=\"302\"\/><\/figure>\n\n\n\n<p>Dobrodo\u0161li. <\/p>\n\n\n\n<p>Trajanje: pribli\u017eno 3 ure<br>Prispevek: 20 \u20ac<\/p>\n\n\n\n<p>Za vstop na na\u0161o mailing listo pi\u0161i na e-mail: shamanika.love@gmail.com <\/p>\n\n\n\n<p>Dobrodo\u0161li vsi na\u0161i, sr\u010dni, mehki, topli, dobronamerni in svobodni ljudje. <\/p>\n\n\n\n<figure class=\"wp-block-image size-large is-resized\"><img loading=\"lazy\" decoding=\"async\" src=\"http:\/\/www.severinkroj.com\/wp-content\/uploads\/2022\/09\/shamanika-love-1024x768.jpeg\" alt=\"\" class=\"wp-image-780\" width=\"358\" height=\"269\" srcset=\"http:\/\/www.severinkroj.com\/wp-content\/uploads\/2022\/09\/shamanika-love-1024x768.jpeg 1024w, http:\/\/www.severinkroj.com\/wp-content\/uploads\/2022\/09\/shamanika-love-300x225.jpeg 300w, http:\/\/www.severinkroj.com\/wp-content\/uploads\/2022\/09\/shamanika-love-768x576.jpeg 768w, http:\/\/www.severinkroj.com\/wp-content\/uploads\/2022\/09\/shamanika-love-1536x1152.jpeg 1536w, http:\/\/www.severinkroj.com\/wp-content\/uploads\/2022\/09\/shamanika-love.jpeg 2048w\" sizes=\"auto, (max-width: 358px) 100vw, 358px\" \/><\/figure>\n\n\n\n<p><a rel=\"noreferrer noopener\" href=\"http:\/\/www.severinkroj.com\/?page_id=521\" target=\"_blank\">URNIK VSEH DOGODKOV<\/a><\/p>\n","protected":false},"excerpt":{"rendered":"<p>URNIK VSEH DOGODKOV Odpremo sveti prostor, ki je namenjen bivanju vsega, kar smo, tukaj in zdaj. Pojemo pesmi, ki opevajo svobodo, ljubezen med ljudmi, kli\u010dejo na pomo\u010d zavest elementov stvarstva, harmonijo. Youtube playlista SHAMANIKA LOVE (live) Odpremo se za sprejemanje vse te lepote. Da bi videli in \u010dutili polno \u017eivljenje, tak\u0161no, kot je. Za udele\u017eence &hellip; <\/p>\n<p class=\"link-more\"><a href=\"http:\/\/www.severinkroj.com\/?page_id=778\" class=\"more-link\">Preberi ve\u010d<span class=\"screen-reader-text\"> &#8220;Singing Ceremony with SHAMANIKA LOVE&#8221;<\/span><\/a><\/p>\n","protected":false},"author":2,"featured_media":0,"parent":0,"menu_order":0,"comment_status":"closed","ping_status":"closed","template":"","meta":{"footnotes":""},"class_list":["post-778","page","type-page","status-publish","hentry"],"_links":{"self":[{"href":"http:\/\/www.severinkroj.com\/index.php?rest_route=\/wp\/v2\/pages\/778","targetHints":{"allow":["GET"]}}],"collection":[{"href":"http:\/\/www.severinkroj.com\/index.php?rest_route=\/wp\/v2\/pages"}],"about":[{"href":"http:\/\/www.severinkroj.com\/index.php?rest_route=\/wp\/v2\/types\/page"}],"author":[{"embeddable":true,"href":"http:\/\/www.severinkroj.com\/index.php?rest_route=\/wp\/v2\/users\/2"}],"replies":[{"embeddable":true,"href":"http:\/\/www.severinkroj.com\/index.php?rest_route=%2Fwp%2Fv2%2Fcomments&post=778"}],"version-history":[{"count":4,"href":"http:\/\/www.severinkroj.com\/index.php?rest_route=\/wp\/v2\/pages\/778\/revisions"}],"predecessor-version":[{"id":1106,"href":"http:\/\/www.severinkroj.com\/index.php?rest_route=\/wp\/v2\/pages\/778\/revisions\/1106"}],"wp:attachment":[{"href":"http:\/\/www.severinkroj.com\/index.php?rest_route=%2Fwp%2Fv2%2Fmedia&parent=778"}],"curies":[{"name":"wp","href":"https:\/\/api.w.org\/{rel}","templated":true}]}}