{"id":717,"date":"2022-09-07T15:00:21","date_gmt":"2022-09-07T15:00:21","guid":{"rendered":"http:\/\/www.severinkroj.com\/?page_id=717"},"modified":"2025-04-16T11:33:34","modified_gmt":"2025-04-16T11:33:34","slug":"zivljenje-je-igra-delavnica-dramske-igre","status":"publish","type":"page","link":"http:\/\/www.severinkroj.com\/?page_id=717","title":{"rendered":"DRAMILO &#8211; izra\u017eanje, raziskovanje, so-ustvarjanje, re\u0161itve na dlani, &#8230;"},"content":{"rendered":"\n<p><a rel=\"noreferrer noopener\" href=\"http:\/\/www.severinkroj.com\/?page_id=521\" target=\"_blank\">URNIK VSEH DOGODKOV<\/a><\/p>\n\n\n\n<p>Za spro\u0161\u010denost, za zdravo impulzivnost, za \u017eiv stik s sabo, <br>za soustvarjanje, za raz\u0161iritev, za razumevanje, za \u010dutenje. <br>Zato, ker se vse to DA. <\/p>\n\n\n\n<p><strong>trenutno se DRAMILO dogaja samo v TRZINU<\/strong>, vsako tretjo sredo ob 18:00<\/p>\n\n\n\n<figure class=\"wp-block-image size-large is-resized\"><img loading=\"lazy\" decoding=\"async\" width=\"2048\" height=\"1536\" src=\"http:\/\/www.severinkroj.com\/wp-content\/uploads\/2023\/03\/WhatsAppova-datoteka-Slika-2023-03-06-ob-17.23.39.jpg\" alt=\"\" class=\"wp-image-986\" style=\"width:351px;height:263px\"\/><\/figure>\n\n\n\n<p>Ljudje smo igralci, ki nastopamo v v \u0161tevilnih igrah v svojih \u017eivljenjih, prevzemamo ve\u010d razli\u010dnih vlog.  Skozi nas se izra\u017ea cel spekter razli\u010dnih energij, ki jih s pomo\u010djo &#8220;postavitve&#8221; tudi prepoznavamo, izra\u017eamo, se z njimi spoznavamo in sodelujemo. <br><br>Na delavnici boste <strong>s pomo\u010djo lastnih izku\u0161enj<\/strong> spoznali predvsem svoje mehanizme, ki vam omogo\u010dajo, da boste lahko tako zasebno, kot tudi na odru, pred ljudmi, v dru\u017ebi, &#8230; taki, kot ste najbli\u017eje sebi, .. da boste izhajali iz sebe. <strong>Ali pa samo v svojem \u017eivljenju.<\/strong> \ud83d\ude42 Ali ni to \u017ee v\u010dasih dovolj?<\/p>\n\n\n\n<p class=\"has-pale-cyan-blue-background-color has-background\"><em><strong>Vsaka delavnica je kulturni dogodek zase. <\/strong><\/em><br>&#8211; <em>\u010ce te zanima \u017eiva dramska igra, v kateri si soustvarjalec, gledalec <br>in jo hkrati \u0161e intenzivno do\u017eivlja\u0161, ker je del tebe, tako ali druga\u010de<br>&#8211; ali pa si na poti samouresni\u010ditve in rabi\u0161 enostavno stopit v drugo ko\u017eo, do\u017eivet obe strani kovanca, <br>&#8211; \u010de se ho\u010de\u0161 ve\u010d igrat v \u017eivljenju, &#8230; <br>&#8211; \u010de \u017eeli\u0161 najt v sebi impulze za kreativnost, jih znat sli\u0161at in upo\u0161tevat. <br>&#8211; \u010de se ho\u010de\u0161 (s pomo\u010djo svojih lastnih orodij) bolj\u0161e znajti v \u017eivljenju, med ljudmi, pred ljudmi, sam-a s sabo.<br>Namenjena ti je predvsem, \u010de te tovrstno raziskovanje zanima, in je na kakr\u0161en koli na\u010din del tvojega \u017eivljenja, predvsem na podro\u010dju izra\u017eanja, ustvarjanja, soustvarjanja, \u010duje\u010dnosti, &#8230; <\/em><br><strong>Dramilo ni terapija, njegovi u\u010dinki pa so terapevtski. <\/strong><\/p>\n\n\n\n<p class=\"has-white-background-color has-background\"><strong>Delavnica ima ve\u010d prakti\u010dnih sklopov:<\/strong><\/p>\n\n\n\n<ul class=\"wp-block-list\">\n<li>Spro\u0161\u010danje, ozave\u0161\u010danje telesa in njegovih funkcij<\/li>\n\n\n\n<li>Kultiviranje \u010duje\u010dnosti, prisotnosti, bivanja<\/li>\n\n\n\n<li>Ozave\u0161\u010danje tvoje podpore iz vsega Stvarstva<\/li>\n\n\n\n<li>Razgibavanje spominov, njihovih vtisov na nas in njihova uporaba v praksi<\/li>\n\n\n\n<li>Prostor in premikanje telesa v njem<\/li>\n\n\n\n<li>Ritem in pesem trenutka in skupine<\/li>\n\n\n\n<li><strong>Slikovite postavitve \u017eivljenjskih dogodkov po trenutni izbiri skupine<\/strong><\/li>\n\n\n\n<li>\u017divljenje na odru <\/li>\n<\/ul>\n\n\n\n<figure class=\"wp-block-image size-large\"><img loading=\"lazy\" decoding=\"async\" width=\"1536\" height=\"2048\" src=\"http:\/\/www.severinkroj.com\/wp-content\/uploads\/2023\/03\/WhatsAppova-datoteka-Slika-2023-03-06-ob-17.23.40.jpg\" alt=\"\" class=\"wp-image-989\"\/><\/figure>\n\n\n\n<p>V skladu s prisotnimi si ogledujemo <strong>razli\u010dne situacije <\/strong>v dru\u017eini, v dru\u017ebi, v \u017eivljenju, v na\u0161em notranjem do\u017eivljanju in tudi fiktivne situacije. Igramo se igre in v njih nastopamo, kot igralci, prisotni, udele\u017eeni. Kar se le da prisotni, zavestni svojih ob\u010dutkov, zavestni telesa. <strong>Lahko se \u010dlovek spozna, mimogrede, ko se opazi v razli\u010dnih vlogah, vedno znova. <\/strong><\/p>\n\n\n\n<p><strong>\u010ce bi se radi na ustvarjalen na\u010din spoznavali<\/strong>, se postavili v dolo\u010denih situacijah na pravo (svoje) mesto in bili to, kar ste, potem je to to, v tej smeri delamo. V\u010dasih se opazi\u0161 skozi razli\u010dne zorne kote, skozi o\u010di drugih ali pa v situaciji, ki si ji samo pri\u010da. <\/p>\n\n\n\n<p>\u017divljenje je <strong>pot samo-spoznavanja <\/strong>skozi interakcije z ljudmi, skozi razli\u010dne situacije in vloge, ki jih lahko, kar se le da varno, pogledamo tudi v krogu ali na odru. To je <strong>potovanje<\/strong> iz glave v srce, v telo, <strong>v korenine<\/strong>, v prednike, v praspomine, v zemljo, v sredi\u0161\u010de, v zavedanje, v videnje, spoznanje, &#8230;. Tam se ustvarjajo temelji za nadaljnje samospoznavanje in ustvarjanje. Tam je vse. <\/p>\n\n\n\n<p>Iz izku\u0161enj napredujemo in \u010de nam je dano, da do\u017eivimo \u0161e kaj ve\u010d, kot to, kar smo do sedaj? Ali ni to napredek? (sploh, \u010de znamo krmariti v \u017eeleno smer!) <\/p>\n\n\n\n<p>Ni treba, da si igralec in da te &#8220;dramska igra&#8221; dejansko zanima. Lahko si samo &#8220;otrok \u017eivljenja&#8221;, ali pa preprosto raziskuje\u0161, &#8230;. sebe. Jaz sem pri\u0161el do &#8220;<strong>method acting<\/strong>-a&#8221;<strong> <\/strong>(<em>igralska metoda &#8211; taka mi je, kot je \u017eivljenje &#8211; prakti\u010dna, znana<\/em>) ter raznih drugih skupinskih dramskih pristopov<strong> skozi vrata glasbe<\/strong>, ker sem iskal <strong>na\u010din,<\/strong> da bi bil na odru bolj spro\u0161\u010den, bolj miren, bolj sam svoj, tudi pred ljudmi. Sem ga mimogrede na\u0161el, s pomo\u010djo nekaterih preprostih vaj, ki jih sedaj predajam naprej, bolj kot orodje za razgibavanje svoje zavesti. <\/p>\n\n\n\n<p>Vsak oder je svet zase. Vsaka situacija je svet zase. Tako v \u017eivljenju, kot na odru. Oder prestavlja vrata v misti\u010dnost, saj tukaj o\u017eivijo prepovedane misli, spregovorijo rastline, \u017eivali in predmeti. <\/p>\n\n\n\n<p><strong>Suvereno, prisotno, ljube\u010de. V najvi\u0161je dobro vseh in vsega.<\/strong> Vsaka izku\u0161nja \u0161teje, se pa v\u010dasih razkrijejo osebne rane, ki rabijo ve\u010d pozornosti in tudi \u010dasa. Tudi na to smo pripravljeni, saj se s tovrstnimi tematikami ukvarjamo tudi na drugih podro\u010djih (Rebirthing).  <\/p>\n\n\n\n<p><strong>Delavnico sistemati\u010dno ponavljamo<\/strong>, saj poglabljamo svoje razumevanje in \u010dutenje, odkrivamo sebe skozi razli\u010dne situacije, ki se nam odigravajo na odru &#8211; kjer ni \u010disto takih pravil, kot jih imamo v \u017eivljenju. Poleg tega vseh sklopov ne moremo obdelati na eni delavnici, saj stremimo k temeljitosti, to pomeni, da si vzamemo \u010das, zato v\u010dasih zadeva traja tudi 4 ure, tri je \u010disto premalo. Pa\u010d, tako je, vsaka stvar rabi svoj \u010das. <\/p>\n\n\n\n<p class=\"has-black-color has-luminous-vivid-amber-background-color has-text-color has-background\"><em>\u010ce se bo pokazalo zanimanje skupine, bomo s \u010dasom <strong>ustvarili kak\u0161no dramsko delo<\/strong>, morda <strong>minljivko*<\/strong>, ali serijo njih, morda posneli kratek ali dalj\u0161i video, film, zgodbo, <strong>skupaj ustvarili kak\u0161en dogodek za publiko<\/strong>, morda pa kaj norega, khmmm, &#8230;. . &#8230; pardon, novega. :))<\/em> <\/p>\n\n\n\n<p>Dramilo je \u017eivo, se nadgrajuje in razvija skupaj z vsemi nami. <strong>Oblikovan imamo integracijski na\u010drt<\/strong>, da se ne bi kdo preve\u010d izgubil v svojih vlogah ter podo\u017eivljanju lastnih travm, vendar za nikogar ne garantiramo, vsak se sam odlo\u010da kdaj bo prisostvoval in na kak\u0161en na\u010din. Na\u0161 cilj je spoznavanje, spominjanje in razre\u0161evanje, bivanje in igra v &#8220;tukaj in zdaj&#8221;, inspiracija, prepoznavanje notranjih nagnjenj, mirna in spo\u0161tljiva pot so\u010dutja in spo\u0161tovanja. <strong>Vzpostavljeni so varnostni mehanizmi<\/strong>, ki so nujno potrebni, da se med nami \u010duti varen prostor. <\/p>\n\n\n\n<p>Na Dramilu smo za dogodek, ki ga organiziramo s <a rel=\"noreferrer noopener\" href=\"http:\/\/www.himalaya-rebirth.com\/\" target=\"_blank\">Himalaya Rebirthing<\/a> naredili video na temo <a rel=\"noreferrer noopener\" href=\"https:\/\/youtu.be\/izho0Sjib3Y\" target=\"_blank\">Vstajenje v \u017divljenje<\/a>.<\/p>\n\n\n\n<hr class=\"wp-block-separator has-css-opacity\"\/>\n\n\n\n<p>* <strong>Minljivka<\/strong> je oblika dramskega dela, ki ni vnaprej pripravljeno. Glavni igralci dolo\u010dijo samo naj\u0161ir\u0161i okvir zgodbe. V igro potem vstopijo vsi, tudi &#8220;gledalci&#8221;, ki jo pomagajo oblikovati s svojo prisotnostjo in igrami, ki jih sami spro\u017eijo. Ker minljivka ni vnaprej dolo\u010dena, se lahko v tej zgodbi zgodi marsikaj nepri\u010dakovanega, pojavljajo se nenavadni zapleti in razpleti. V\u010dasih je nadvse dolgo\u010dasna in \u010dudna, v\u010dasih je \u017eiva in zanimiva. <br>Seveda se v minljivki pojavljajo tudi zelo nenavadni ljudje. Cilj igre je, da se vsi, ki sodelujejo izrazijo v polnosti. Morda je \u010dasovno omejena, &#8220;al pa kr po filingu&#8221;. Kot v \u017eivljenju. Vsak prispeva svoje. Minljivke je zasnoval Alejandro Jodorovski iz \u010cila, ki je med drugim avtor zelo zanimivih knjig. Majster Alejandro, svaka \u010dast. Hvala za tvoje \u017eivljenje. <\/p>\n\n\n\n<p>\u0160e ve\u010d napisanega pod fotografijo: <\/p>\n\n\n\n<figure class=\"wp-block-image size-large is-resized\"><img loading=\"lazy\" decoding=\"async\" width=\"2048\" height=\"1152\" src=\"http:\/\/www.severinkroj.com\/wp-content\/uploads\/2023\/03\/WhatsAppova-datoteka-Slika-2023-03-06-ob-17.23.32.jpg\" alt=\"\" class=\"wp-image-990\" style=\"width:414px;height:232px\"\/><\/figure>\n\n\n\n<p><strong>Method acting<\/strong><\/p>\n\n\n\n<p>&#8220;Method acting&#8221; je, kot \u017ee samo ime pove, metoda igranja. Do vsakega rezultata vodi neka pot. \u010ce je ta pot znana, potem nam je delo olaj\u0161ano. \u010ce moramo pot na novo odkrivati, nam to vzame veliko \u010dasa in energije. Ker so te poti \u017ee bile odkrite s pomo\u010djo Stanislavskega, Strasberga, in ker so to poti, ki so iz psiholo\u0161kega vidika tudi na\u0161e lastne, bomo uporabili te poti &#8211; mehanizme, ki delujejo, na njih pa seveda nanesli svoje barve, svoje materiale, svoje ob\u010dutke, svoje besede, svoje vizije. <\/p>\n\n\n\n<p>Razvoj &#8220;method actinga&#8221; se je za\u010del v Rusiji, kjer je Stanislavski zasnoval sistem, metodo, ki nam pomaga, da smo na odru pristni, da v vseh odrskih situacijah izhajamo iz svojih izku\u0161enj. Ravno zato smo bolj prepri\u010dljivi, ker dejansko verjamemo to, kar igramo. Za razliko od ljudskega gledali\u0161\u010da, kjer je celotna igra bolj kot ne pretvarjanje. U\u010denja Stanislavskega je v Holivoodu uporabil Ian Strasberg, ki je v svoji igralski \u0161oli izobrazil ogromno \u0161tevilo kvalitetnih ameri\u0161kih igralcev, ki jih v filmih cel svet ob\u010duduje ravno po njihovi naravnosti, po tem, kako so prepri\u010dljivi v svojem igranju. <\/p>\n\n\n\n<p>Dramska igra je pot samo-spoznavanja skozi interakcije z drugimi ljudmi, skozi razli\u010dne situacije in vloge. Ni treba, da si igralec in da te dramska igra dejansko zanima. Jaz sem pri\u0161el do &#8220;method actinga&#8221; preko glasbe, ker sem iskal na\u010din, kako bi bil na odru bolj spro\u0161\u010den, bolj miren, zato da lahko dobro igram. <\/p>\n\n\n\n<p>Trajanje delavnice je odvisno od zahtevnosti udele\u017eencev. Delavnica traja 3 do 4 ure. <\/p>\n\n\n\n<p><strong>Prispevek za 4-urno delavnico je 30 \u20ac<\/strong>, <br>v kolikor vnaprej zakupi\u0161 2 delavnici, je prispevek 50 \u20ac, <br>\u010de vnaprej zakupi\u0161 4 delavnice, je prispevek 80 \u20ac<\/p>\n\n\n\n<p>Delavnico DRAMILO organizirava \u017diga in Annamaria &#8211; <a rel=\"noreferrer noopener\" href=\"http:\/\/www.himalaya-rebirth.com\/sl\/\" target=\"_blank\">Himalaya Rebirth<\/a>, v sodelovanju s KUD Trzin, <br>Vodim in povezujem \u017diga Birsa, pod pokroviteljstvom Dru\u0161tva MUC. <\/p>\n\n\n\n<p><a rel=\"noreferrer noopener\" href=\"http:\/\/www.severinkroj.com\/?page_id=521\" target=\"_blank\">URNIK VSEH DOGODKOV<\/a><\/p>\n\n\n\n<figure class=\"wp-block-gallery has-nested-images columns-default is-cropped wp-block-gallery-1 is-layout-flex wp-block-gallery-is-layout-flex\">\n<figure class=\"wp-block-image size-large\"><img loading=\"lazy\" decoding=\"async\" width=\"3744\" height=\"5136\" data-id=\"992\" src=\"http:\/\/www.severinkroj.com\/wp-content\/uploads\/2023\/03\/IMG_0289_pop.jpg\" alt=\"\" class=\"wp-image-992\"\/><\/figure>\n\n\n\n<figure class=\"wp-block-image size-large\"><img loading=\"lazy\" decoding=\"async\" width=\"1536\" height=\"2560\" data-id=\"993\" src=\"http:\/\/www.severinkroj.com\/wp-content\/uploads\/2023\/03\/Ziga-2022.jpg\" alt=\"\" class=\"wp-image-993\"\/><\/figure>\n<\/figure>\n","protected":false},"excerpt":{"rendered":"<p>URNIK VSEH DOGODKOV Za spro\u0161\u010denost, za zdravo impulzivnost, za \u017eiv stik s sabo, za soustvarjanje, za raz\u0161iritev, za razumevanje, za \u010dutenje. Zato, ker se vse to DA. trenutno se DRAMILO dogaja samo v TRZINU, vsako tretjo sredo ob 18:00 Ljudje smo igralci, ki nastopamo v v \u0161tevilnih igrah v svojih \u017eivljenjih, prevzemamo ve\u010d razli\u010dnih vlog. &hellip; <\/p>\n<p class=\"link-more\"><a href=\"http:\/\/www.severinkroj.com\/?page_id=717\" class=\"more-link\">Preberi ve\u010d<span class=\"screen-reader-text\"> &#8220;DRAMILO &#8211; izra\u017eanje, raziskovanje, so-ustvarjanje, re\u0161itve na dlani, &#8230;&#8221;<\/span><\/a><\/p>\n","protected":false},"author":2,"featured_media":0,"parent":0,"menu_order":0,"comment_status":"closed","ping_status":"closed","template":"","meta":{"footnotes":""},"class_list":["post-717","page","type-page","status-publish","hentry"],"_links":{"self":[{"href":"http:\/\/www.severinkroj.com\/index.php?rest_route=\/wp\/v2\/pages\/717","targetHints":{"allow":["GET"]}}],"collection":[{"href":"http:\/\/www.severinkroj.com\/index.php?rest_route=\/wp\/v2\/pages"}],"about":[{"href":"http:\/\/www.severinkroj.com\/index.php?rest_route=\/wp\/v2\/types\/page"}],"author":[{"embeddable":true,"href":"http:\/\/www.severinkroj.com\/index.php?rest_route=\/wp\/v2\/users\/2"}],"replies":[{"embeddable":true,"href":"http:\/\/www.severinkroj.com\/index.php?rest_route=%2Fwp%2Fv2%2Fcomments&post=717"}],"version-history":[{"count":17,"href":"http:\/\/www.severinkroj.com\/index.php?rest_route=\/wp\/v2\/pages\/717\/revisions"}],"predecessor-version":[{"id":1997,"href":"http:\/\/www.severinkroj.com\/index.php?rest_route=\/wp\/v2\/pages\/717\/revisions\/1997"}],"wp:attachment":[{"href":"http:\/\/www.severinkroj.com\/index.php?rest_route=%2Fwp%2Fv2%2Fmedia&parent=717"}],"curies":[{"name":"wp","href":"https:\/\/api.w.org\/{rel}","templated":true}]}}