{"id":697,"date":"2022-09-06T08:39:18","date_gmt":"2022-09-06T08:39:18","guid":{"rendered":"http:\/\/www.severinkroj.com\/?page_id=697"},"modified":"2025-04-16T07:58:54","modified_gmt":"2025-04-16T07:58:54","slug":"kreativa-delavnica-skupinskega-zvocnega-izraza","status":"publish","type":"page","link":"http:\/\/www.severinkroj.com\/?page_id=697","title":{"rendered":"\u017diva Kreativa &#8211; delavnica skupinskega zvo\u010dnega izraza"},"content":{"rendered":"\n<p><a rel=\"noreferrer noopener\" href=\"http:\/\/www.severinkroj.com\/?page_id=521\" target=\"_blank\">URNIK VSEH DOGODKOV<\/a> <\/p>\n\n\n\n<figure class=\"wp-block-gallery has-nested-images columns-default is-cropped wp-block-gallery-1 is-layout-flex wp-block-gallery-is-layout-flex\">\n<figure class=\"wp-block-image size-large\"><img loading=\"lazy\" decoding=\"async\" width=\"1286\" height=\"857\" data-id=\"1922\" src=\"http:\/\/www.severinkroj.com\/wp-content\/uploads\/2025\/02\/Shamanika-kreativa.jpg\" alt=\"\" class=\"wp-image-1922\"\/><figcaption class=\"wp-element-caption\">shamanika kreativa<\/figcaption><\/figure>\n\n\n\n<figure class=\"wp-block-image size-large\"><img loading=\"lazy\" decoding=\"async\" width=\"4000\" height=\"3000\" data-id=\"1912\" src=\"http:\/\/www.severinkroj.com\/wp-content\/uploads\/2025\/02\/IMG_6262.jpg\" alt=\"\" class=\"wp-image-1912\"\/><figcaption class=\"wp-element-caption\">harmonija v svetu<\/figcaption><\/figure>\n\n\n\n<figure class=\"wp-block-image size-large\"><img loading=\"lazy\" decoding=\"async\" width=\"960\" height=\"720\" data-id=\"1923\" src=\"http:\/\/www.severinkroj.com\/wp-content\/uploads\/2025\/02\/bobnarski-krog.jpg\" alt=\"\" class=\"wp-image-1923\"\/><figcaption class=\"wp-element-caption\">bobnarski krog<\/figcaption><\/figure>\n<\/figure>\n\n\n\n<p>Dobrodo\u0161li na prakti\u010dni delavnici, ki je namenjena spodbujanju izra\u017eanja skozi na\u0161 lasten in\u0161trument &#8211; <strong>telo in  njegov glas <\/strong>&#8211; s pomo\u010djo igralske metode (<em><a href=\"http:\/\/www.severinkroj.com\/?page_id=717\" data-type=\"page\" data-id=\"717\">method acting<\/a><\/em>), ter drugih \u017eivljenjskih dognanj povezanih s tematiko.<\/p>\n\n\n\n<p>Delavnica je namenjena ljudem, ki \u017ee delajo s svojim glasom in i\u0161\u010dejo nadgradnjo, ter tudi tistim, ki jih delo z glasom in zvokom kli\u010de in i\u0161\u010dejo podporo, oporo, <strong>konkretne prakti\u010dne metode in na\u010dine uporabe glasu<\/strong>, subtilne vplive na glas in prakti\u010dno skupno ustvarjanje spontanih zvo\u010dnih vrelcev. <\/p>\n\n\n\n<p><em>Sedimo v krogu, <strong>ustvarjamo skupne pesmi sedanjega trenutka<\/strong>, ki prihajajo iz preteklosti in prihodnosti, za vse nas in za cel svet. Ozavestimo od kje vse prihaja inspiracija, podpremo in odpremo kanale izra\u017eanja, skozi vaje dojamemo kako na\u0161e lastne izku\u0161nje vplivajo na na\u0161 trenuten izraz. <\/em><\/p>\n\n\n\n<p><strong>Delavnica je namenjena skupinskemu zvo\u010dnemu izrazu<\/strong>, ter posamezniku, da se sprosti v svojem izrazu, da sli\u0161i sebe, druge, da se svobodno izrazi z glasom, z razli\u010dnimi glasovi, z dihom, \u0161umom, z vsem, kar telo zmore. Spodbujamo, da se izrazi \u010dlovek, kot celo bitje, <br>da vsak sam za\u010duti, kje je njegovo mesto, kak\u0161no je njegovo mesto in kako vse to zveni. <br>Spodbujamo svobodo izraza, kopamo se v harmonijah in surfamo na kaosu.<\/p>\n\n\n\n<p>Delavnica traja 6 ur, me\u0161ala se bosta<strong> teorija<\/strong> (ki prihaja ve\u010dinoma iz telesno usmerjenega method actinga ter iz mojih lastnih izku\u0161enj in dognanj, ko se iz razli\u010dnih virov podobno izlu\u0161\u010di), in<strong> praksa<\/strong>, ki so razli\u010dne vaje, da preko lastne izku\u0161nje spoznamo vse razse\u017enosti na\u0161ega in\u0161trumenta, ki so nam na voljo. <\/p>\n\n\n\n<p><em>\u010ce ste ve\u0161\u010di igranja na kak\u0161ne glasbene in\u0161trumente, jih prinesite s sabo. Ni pa nujno. <br>Delavnica je namenjena predvsem spodbujanju izra\u017eanja skozi in\u0161trument telo\/glas. <br>Zunanji in\u0161trumenti bodo uporabljeni samo kot prisotna spremljava.<\/em><\/p>\n\n\n\n<p>Prispevek za izmenjavo je 70\u20ac. <\/p>\n\n\n\n<p>Svoje mesto si zagotovite s prijavo na e-mail: <a rel=\"noreferrer noopener\" href=\"http:\/\/www.severinkroj.com\/wp-admin\/zum.muc@gmail.com\" target=\"_blank\">zum.muc@gmail.com<\/a> <br>ali prek sms na 051 737 020<br>\u0160tevilo mest je omejeno.<\/p>\n\n\n\n<p>Delavnico vodi \u017diga Birsa<br>\u0161e ve\u010d, spodaj<\/p>\n\n\n\n<figure class=\"wp-block-image size-large is-resized\"><img loading=\"lazy\" decoding=\"async\" width=\"1024\" height=\"683\" src=\"http:\/\/www.severinkroj.com\/wp-content\/uploads\/2022\/09\/po-kozolcem-1-1024x683.jpg\" alt=\"\" class=\"wp-image-702\" style=\"aspect-ratio:1.5015974440894568;width:670px;height:auto\" srcset=\"http:\/\/www.severinkroj.com\/wp-content\/uploads\/2022\/09\/po-kozolcem-1-1024x683.jpg 1024w, http:\/\/www.severinkroj.com\/wp-content\/uploads\/2022\/09\/po-kozolcem-1-300x200.jpg 300w, http:\/\/www.severinkroj.com\/wp-content\/uploads\/2022\/09\/po-kozolcem-1-768x512.jpg 768w, http:\/\/www.severinkroj.com\/wp-content\/uploads\/2022\/09\/po-kozolcem-1-1536x1024.jpg 1536w, http:\/\/www.severinkroj.com\/wp-content\/uploads\/2022\/09\/po-kozolcem-1.jpg 2048w\" sizes=\"auto, (max-width: 706px) 89vw, (max-width: 767px) 82vw, 740px\" \/><\/figure>\n\n\n\n<p>Vse znanje in modrosti, ki prihajajo skozi ta na\u010din dela, <br>smo \u017ee integrirali v ustvarjalni skupini Shamanika Kreativa, <br>ki ustvarja zvo\u010dne vrelce na tak na\u010din, kot jih bomo tokrat mi. <br><a href=\"https:\/\/soundcloud.com\/shamanika-love\/sets\/shamanika-promo-1\" target=\"_blank\" rel=\"noreferrer noopener\">Tukaj je nekaj kratkih posnetkov iz na\u0161ih skupnih vrelcev.<\/a><\/p>\n\n\n\n<p><strong>Cilj je, da smo harmoni\u010dni, usklajeni sami s sabo, potem pa z drugimi, v tonih in ritmih, usklajeni v glasnosti, intenzivnosti.<\/strong> Cilj je, da sli\u0161imo. Cilj je, da se vsak zaveda sebe, vsega, kar nanj vpliva, ter da vsak (po mo\u017enosti celo) izbira to, \u010demur dovoli, da nanj vpliva ter dolo\u010da tudi subtilne parametre, kot so glasnost, intenziteta, izraznost, &#8230; <\/p>\n\n\n\n<figure class=\"wp-block-image size-full\"><img loading=\"lazy\" decoding=\"async\" width=\"5760\" height=\"3840\" src=\"http:\/\/www.severinkroj.com\/wp-content\/uploads\/2025\/02\/Camp_Corenina_2024_60.jpg\" alt=\"\" class=\"wp-image-1898\"\/><\/figure>\n\n\n\n<p><a rel=\"noreferrer noopener\" href=\"http:\/\/www.severinkroj.com\/?page_id=521\" target=\"_blank\">URNIK VSEH DOGODKOV<\/a><\/p>\n","protected":false},"excerpt":{"rendered":"<p>URNIK VSEH DOGODKOV Dobrodo\u0161li na prakti\u010dni delavnici, ki je namenjena spodbujanju izra\u017eanja skozi na\u0161 lasten in\u0161trument &#8211; telo in njegov glas &#8211; s pomo\u010djo igralske metode (method acting), ter drugih \u017eivljenjskih dognanj povezanih s tematiko. Delavnica je namenjena ljudem, ki \u017ee delajo s svojim glasom in i\u0161\u010dejo nadgradnjo, ter tudi tistim, ki jih delo z &hellip; <\/p>\n<p class=\"link-more\"><a href=\"http:\/\/www.severinkroj.com\/?page_id=697\" class=\"more-link\">Preberi ve\u010d<span class=\"screen-reader-text\"> &#8220;\u017diva Kreativa &#8211; delavnica skupinskega zvo\u010dnega izraza&#8221;<\/span><\/a><\/p>\n","protected":false},"author":2,"featured_media":0,"parent":0,"menu_order":0,"comment_status":"closed","ping_status":"closed","template":"","meta":{"footnotes":""},"class_list":["post-697","page","type-page","status-publish","hentry"],"_links":{"self":[{"href":"http:\/\/www.severinkroj.com\/index.php?rest_route=\/wp\/v2\/pages\/697","targetHints":{"allow":["GET"]}}],"collection":[{"href":"http:\/\/www.severinkroj.com\/index.php?rest_route=\/wp\/v2\/pages"}],"about":[{"href":"http:\/\/www.severinkroj.com\/index.php?rest_route=\/wp\/v2\/types\/page"}],"author":[{"embeddable":true,"href":"http:\/\/www.severinkroj.com\/index.php?rest_route=\/wp\/v2\/users\/2"}],"replies":[{"embeddable":true,"href":"http:\/\/www.severinkroj.com\/index.php?rest_route=%2Fwp%2Fv2%2Fcomments&post=697"}],"version-history":[{"count":13,"href":"http:\/\/www.severinkroj.com\/index.php?rest_route=\/wp\/v2\/pages\/697\/revisions"}],"predecessor-version":[{"id":1994,"href":"http:\/\/www.severinkroj.com\/index.php?rest_route=\/wp\/v2\/pages\/697\/revisions\/1994"}],"wp:attachment":[{"href":"http:\/\/www.severinkroj.com\/index.php?rest_route=%2Fwp%2Fv2%2Fmedia&parent=697"}],"curies":[{"name":"wp","href":"https:\/\/api.w.org\/{rel}","templated":true}]}}