{"id":641,"date":"2022-08-15T14:43:08","date_gmt":"2022-08-15T14:43:08","guid":{"rendered":"http:\/\/www.severinkroj.com\/?page_id=641"},"modified":"2022-09-19T08:22:21","modified_gmt":"2022-09-19T08:22:21","slug":"healing-growing-with-the-spirit-of-horses","status":"publish","type":"page","link":"http:\/\/www.severinkroj.com\/?page_id=641","title":{"rendered":"Healing &#038; Growing with the SPIRIT of HORSES"},"content":{"rendered":"\n<p><a rel=\"noreferrer noopener\" href=\"http:\/\/www.severinkroj.com\/?page_id=521\" target=\"_blank\">URNIK VSEH DOGODKOV<\/a><\/p>\n\n\n\n<p><strong>OZDRAVITEV &amp; RAST s \u010disto, avtenti\u010dno DU\u0160O KONJ<\/strong><\/p>\n\n\n\n<p><strong>Pernica ob 16:00 <\/strong><\/p>\n\n\n\n<p>Dobrodo\u0161li na transformativni dogodek, sre\u010danje s konji in s svojo du\u0161o. <br>Obvezne so prijave na e-mail: <a rel=\"noreferrer noopener\" href=\"mailto:irma.kavcic@siol.net\" target=\"_blank\">irma.kavcic@siol.net<\/a>, 040 375 151, Irma<\/p>\n\n\n\n<p>Kot va\u0161a vodi\u010da na poti bova z vami Irma Kav\u010di\u010d In \u017diga Hun Caban<\/p>\n\n\n\n<p>Podrobnej\u0161i opis je pod fotografijo. <\/p>\n\n\n\n<figure class=\"wp-block-image size-large\"><img loading=\"lazy\" decoding=\"async\" width=\"600\" height=\"450\" src=\"http:\/\/www.severinkroj.com\/wp-content\/uploads\/2022\/08\/280025017_5062334657166351_6963390815617026385_n.jpg\" alt=\"\" class=\"wp-image-642\" srcset=\"http:\/\/www.severinkroj.com\/wp-content\/uploads\/2022\/08\/280025017_5062334657166351_6963390815617026385_n.jpg 600w, http:\/\/www.severinkroj.com\/wp-content\/uploads\/2022\/08\/280025017_5062334657166351_6963390815617026385_n-300x225.jpg 300w\" sizes=\"auto, (max-width: 600px) 100vw, 600px\" \/><\/figure>\n\n\n\n<p>\u017de indijanci so vedeli:<\/p>\n\n\n\n<ul class=\"wp-block-list\"><li>KONJI so modrej\u0161i od \u010dloveka<\/li><li>prete\u017eno \u0161e \u017eivijo v \u010cASU SANJ (in ne kot \u010dlovek v labirintu lastnega kaosa misli, ki nas podnevi hromi s strahom, pono\u010di pa ne pusti spati)<\/li><li>KONJI so \u0161e povezani z velikimi DUHOVI neba in zemlje, z modrostmi \u017dIVLJENJA in BO\u017dANSTVA<\/li><li>povezovanje in vertikalna, spiritualna POVEZANOST z NEKONDICIONIRANIMI konji nam daje ponovno KORENINE in KRILA, kar pomeni:<\/li><\/ul>\n\n\n\n<p>OZEMLJITEV = ob\u010dutki VARNOSTI, ZA\u0160\u010cITE, TOPLINE, STABILNOSTI, s svojo \u010cREDO v hrbtenici<\/p>\n\n\n\n<p>SVOBODA lastnega DUHA = KREATIVNOST, USTVARJALNOST, RAZVOJ in RAZCVET lastne BITI<\/p>\n\n\n\n<p>KONJI nas POVEZUJEJO in VODIJO do na\u0161ih SANJ, na\u0161ih HREPENENJ, do na\u0161e matere NARAVE, univerzalnega BO\u017dANSTVA, do na\u0161ih prednikov in zgodovine \u010dlove\u0161kega razvoja<\/p>\n\n\n\n<p>Globoka, vertikalna POVEZANOST s KONJEM lahko ozdravi in o\u017eivi tvoj notranji svet, tvoje SRCE!<\/p>\n\n\n\n<p>SPIRITUALNO SRE\u010cANJE in POVEZAVA s KONJEM pomeni:<\/p>\n\n\n\n<p>ZAVESTNO, VERTIKALNO ZAZNAVANJE in medsebojno (ne-) delovanje.<\/p>\n\n\n\n<p>KONJA ne do\u017eivljamo ve\u010d kot objekt, temve\u010d, kot enako-vrednega, enako-pravnega in ljubljenega \u010cLANA na\u0161e SKUPNOSTI.<\/p>\n\n\n\n<p>Drugo BIT-je postane spet SUBJEKT!<\/p>\n\n\n\n<p>KONJI nas u\u010dijo, kako deluje uspe\u0161na INDIVIDUALNOST &amp; SKUPNOST.<\/p>\n\n\n\n<p>Frekvence, ki jih zavestno aktiviramo, ZDRAVIJO NAS SAME, na\u0161e socialno okolje in posledi\u010dno ves svet!<\/p>\n\n\n\n<p>KONJI utele\u0161ajo:<\/p>\n\n\n\n<ul class=\"wp-block-list\"><li>SPO\u0160TOVANJE<\/li><li>PONOS<\/li><li>VELIKODU\u0160NOST<\/li><li>MO\u010c<\/li><li>ZDRAVILO<\/li><li>ZDRAVJE<\/li><\/ul>\n\n\n\n<p>Konji naznanjajo spremembe letnih \u010dasov, nevihte; povedo nam, kdaj so dobri in kdaj slabi ljudje okoli nas; so na\u0161i u\u010ditelji, s katerimi se lahko pogovarjamo;<\/p>\n\n\n\n<p>so najbolj\u0161i prijatelji in so dnevi, ko so edini, resni\u010dni prijatelji;<\/p>\n\n\n\n<p>\u010ce mi ne gre dobro, so vselej tukaj in sedaj, meni na razpolago; vselej se me razveselijo,<\/p>\n\n\n\n<p>vselej mi nudijo SEBE; v vsakem trenutku dobim BREZPOGOJNO LJUBEZEN, ki me ZDRAVI.<\/p>\n\n\n\n<p>Moji KONJI skrbijo za mene. V dolgih skupnih letih so postali del mene in jaz del njih.<\/p>\n\n\n\n<p>KONJI ne obsojajo in sodijo.<\/p>\n\n\n\n<p>Vse kar \u017eelijo, je BREZPOGOJNA LJUBEZEN.<\/p>\n\n\n\n<p>Vse kar dajajo, je BREZPOGOJNA LJUBEZEN.<\/p>\n\n\n\n<p><strong>Prispevek za izmenjavo je 50\u20ac,<\/strong><br>v kolikor imate problem z denarjem in bi se dogodka sr\u010dno radi udele\u017eili,<br>nam to prosim sporo\u010dite in se bomo nekako dogovorili.<\/p>\n\n\n\n<p>Obvezne so prijave na e-mail: <a rel=\"noreferrer noopener\" href=\"mailto:irma.kavcic@siol.net\" target=\"_blank\">irma.kavcic@siol.net<\/a>, 040 375 151, Irma<br>HEALING &amp; GROWING with the SPIRIT of HORSES, analiza, svetovanje in coaching.<\/p>\n\n\n\n<figure class=\"wp-block-image size-large is-resized\"><img loading=\"lazy\" decoding=\"async\" src=\"http:\/\/www.severinkroj.com\/wp-content\/uploads\/2022\/08\/119966873_3310486739017827_5448043531125570594_n-1024x576.jpg\" alt=\"\" class=\"wp-image-646\" width=\"456\" height=\"256\" srcset=\"http:\/\/www.severinkroj.com\/wp-content\/uploads\/2022\/08\/119966873_3310486739017827_5448043531125570594_n-1024x576.jpg 1024w, http:\/\/www.severinkroj.com\/wp-content\/uploads\/2022\/08\/119966873_3310486739017827_5448043531125570594_n-300x169.jpg 300w, http:\/\/www.severinkroj.com\/wp-content\/uploads\/2022\/08\/119966873_3310486739017827_5448043531125570594_n-768x432.jpg 768w, http:\/\/www.severinkroj.com\/wp-content\/uploads\/2022\/08\/119966873_3310486739017827_5448043531125570594_n-1536x864.jpg 1536w, http:\/\/www.severinkroj.com\/wp-content\/uploads\/2022\/08\/119966873_3310486739017827_5448043531125570594_n.jpg 2040w\" sizes=\"auto, (max-width: 456px) 100vw, 456px\" \/><\/figure>\n\n\n\n<p><a rel=\"noreferrer noopener\" href=\"http:\/\/www.severinkroj.com\/?page_id=521\" target=\"_blank\">URNIK VSEH DOGODKOV<\/a><\/p>\n\n\n\n<p><\/p>\n","protected":false},"excerpt":{"rendered":"<p>URNIK VSEH DOGODKOV OZDRAVITEV &amp; RAST s \u010disto, avtenti\u010dno DU\u0160O KONJ Pernica ob 16:00 Dobrodo\u0161li na transformativni dogodek, sre\u010danje s konji in s svojo du\u0161o. Obvezne so prijave na e-mail: irma.kavcic@siol.net, 040 375 151, Irma Kot va\u0161a vodi\u010da na poti bova z vami Irma Kav\u010di\u010d In \u017diga Hun Caban Podrobnej\u0161i opis je pod fotografijo. \u017de &hellip; <\/p>\n<p class=\"link-more\"><a href=\"http:\/\/www.severinkroj.com\/?page_id=641\" class=\"more-link\">Preberi ve\u010d<span class=\"screen-reader-text\"> &#8220;Healing &#038; Growing with the SPIRIT of HORSES&#8221;<\/span><\/a><\/p>\n","protected":false},"author":2,"featured_media":0,"parent":0,"menu_order":0,"comment_status":"closed","ping_status":"closed","template":"","meta":{"footnotes":""},"class_list":["post-641","page","type-page","status-publish","hentry"],"_links":{"self":[{"href":"http:\/\/www.severinkroj.com\/index.php?rest_route=\/wp\/v2\/pages\/641","targetHints":{"allow":["GET"]}}],"collection":[{"href":"http:\/\/www.severinkroj.com\/index.php?rest_route=\/wp\/v2\/pages"}],"about":[{"href":"http:\/\/www.severinkroj.com\/index.php?rest_route=\/wp\/v2\/types\/page"}],"author":[{"embeddable":true,"href":"http:\/\/www.severinkroj.com\/index.php?rest_route=\/wp\/v2\/users\/2"}],"replies":[{"embeddable":true,"href":"http:\/\/www.severinkroj.com\/index.php?rest_route=%2Fwp%2Fv2%2Fcomments&post=641"}],"version-history":[{"count":6,"href":"http:\/\/www.severinkroj.com\/index.php?rest_route=\/wp\/v2\/pages\/641\/revisions"}],"predecessor-version":[{"id":777,"href":"http:\/\/www.severinkroj.com\/index.php?rest_route=\/wp\/v2\/pages\/641\/revisions\/777"}],"wp:attachment":[{"href":"http:\/\/www.severinkroj.com\/index.php?rest_route=%2Fwp%2Fv2%2Fmedia&parent=641"}],"curies":[{"name":"wp","href":"https:\/\/api.w.org\/{rel}","templated":true}]}}