{"id":591,"date":"2022-07-28T15:27:39","date_gmt":"2022-07-28T15:27:39","guid":{"rendered":"http:\/\/www.severinkroj.com\/?page_id=591"},"modified":"2023-02-13T09:20:10","modified_gmt":"2023-02-13T09:20:10","slug":"ucenje-igranja-na-didgeridoo","status":"publish","type":"page","link":"http:\/\/www.severinkroj.com\/?page_id=591","title":{"rendered":"U\u010denje igranja na Didgeridoo"},"content":{"rendered":"\n<p><a rel=\"noreferrer noopener\" href=\"http:\/\/www.severinkroj.com\/?page_id=521\" target=\"_blank\">URNIK VSEH DOGODKOV<\/a><\/p>\n\n\n\n<p><strong>DELAVNICO IGRANJA NA DIDGEREDOO&nbsp;<\/strong>&nbsp;<\/p>\n\n\n\n<p>DIH BRUM ZVEN ZVOK&nbsp;<br>RITEM MO\u010c VZTRAJNOST&nbsp;<br>VIBRACIJA KREACIJA <\/p>\n\n\n\n<figure class=\"wp-block-embed is-type-video is-provider-youtube wp-block-embed-youtube wp-embed-aspect-16-9 wp-has-aspect-ratio\"><div class=\"wp-block-embed__wrapper\">\n<iframe loading=\"lazy\" title=\"delavnica igranja na Didgeridoo 18.2. 2023\" width=\"525\" height=\"295\" src=\"https:\/\/www.youtube.com\/embed\/hDWiCz4WjdY?start=3&#038;feature=oembed\" frameborder=\"0\" allow=\"accelerometer; autoplay; clipboard-write; encrypted-media; gyroscope; picture-in-picture; web-share\" referrerpolicy=\"strict-origin-when-cross-origin\" allowfullscreen><\/iframe>\n<\/div><figcaption>zelo kratka video predstavitev delavnice <\/figcaption><\/figure>\n\n\n\n<p><em>Kli\u010dem vse aborid\u017eine po du\u0161i,&nbsp;brate in sestre,<\/em><br><em>da se mi pridru\u017eijo na celodnevni delavnici,<\/em><br><em>kjer se bomo spominjali skupnih korenin<\/em><br><em>z igranjem na didgeridoo.<\/em><\/p>\n\n\n\n<p>\u010ce te njegov zvok privla\u010di, potem je to to.<br>Igranje didgeridoo-ja lahko vpliva na marsikaj lepega v tvojem \u017eivljenju.<br>Didgeridoo je starodavni aborid\u017einski glasbeni in\u0161trument,<br>prednik trobil, misteriozno bren\u010de\u010de pihalo, dihalo,<br>komunikacijsko orodje, prena\u0161alec pesmi, molitev, modrosti,&nbsp;<br>ozvo\u010devalec diha in \u017evi\u017ega, sredstvo za odganjanje oblakov,<br>masa\u017eno orodje in \u0161e kaj.<\/p>\n\n\n\n<p>Skozi leta igranja, sem razvil ve\u010d prakti\u010dnih vaj,<br>ki vsakega postopoma pripeljejo do igranja na didge.<\/p>\n\n\n\n<p>Nau\u010dili se bomo kro\u017enega dihanja ob igranju, pravilnega pihanja,<br>oblikovanja finih zvokov, ustvarjanja raznolikih unikatnih ritmov<br>ter posledi\u010dno uporabe did\u017eiriduja v razli\u010dne namene.&nbsp;<\/p>\n\n\n\n<p>Didgeridoo povezujemo tudi z drugimi in\u0161trumenti,<br>skupaj ustvarjamo glasbo navdiha v trenutku,<br>vsak od udele\u017eencev pa zagotovo prejme zvo\u010dno izku\u0161njo,&nbsp;<br>kjer bo lahko do\u017eivel subtilno mo\u010d skupinske glasbe \u2026<\/p>\n\n\n\n<p><strong>Delavnica bo potekala cel dan, <br>od 10:00 do 19:00 z ve\u010d kraj\u0161imi pavzami,&nbsp;<br>v okolici \u017dalca.&nbsp;<\/strong><\/p>\n\n\n\n<p>Prihod na lokacijo je od 9:30 ure naprej.&nbsp;<br>(ta podatek je pomemben predvsem za zamudnike \ud83d\ude42 )<\/p>\n\n\n\n<p>\u0160tevilo mest je omejeno.<\/p>\n\n\n\n<p><strong>Podrobnej\u0161i opis delavnice je spodaj.&nbsp;<\/strong><br><strong>Glasbeni video avtorja delavnice &#8220;didgeridoo&#8221;<\/strong><br><strong>na linku:&nbsp;<\/strong>&nbsp;<a rel=\"noreferrer noopener\" href=\"https:\/\/www.youtube.com\/watch?v=E4et_YoQzO8\" target=\"_blank\">MAGU IKA &#8211; Bear Gathering<\/a><br><br>In\u0161trumentov bo dovolj, \u010de ima\u0161 svoje, jih prinesi s sabo.<br>Prav tako prinesi s sabo kak\u0161en prigrizek zase in za prijatelje.<\/p>\n\n\n\n<p>V primeru&nbsp;lepega vremena bo delavnica potekala v naravi,&nbsp;<br>zakurili bomo ogenj in si na njem tudi skuhali kosilo.<\/p>\n\n\n\n<p>Delavnico vodi \u017diga, glasbenik, terapevt, ustvarjalec<br>Njegova spletna stran:&nbsp;<a rel=\"noreferrer noopener\" href=\"http:\/\/www.severinkroj.com\/\" target=\"_blank\">www.severinkroj.com<\/a><\/p>\n\n\n\n<figure class=\"wp-block-image size-large is-resized\"><img loading=\"lazy\" decoding=\"async\" src=\"http:\/\/www.severinkroj.com\/wp-content\/uploads\/2022\/02\/Zheegha-1-768x1024.jpeg\" alt=\"\" class=\"wp-image-523\" width=\"149\" height=\"198\" srcset=\"http:\/\/www.severinkroj.com\/wp-content\/uploads\/2022\/02\/Zheegha-1-768x1024.jpeg 768w, http:\/\/www.severinkroj.com\/wp-content\/uploads\/2022\/02\/Zheegha-1-225x300.jpeg 225w, http:\/\/www.severinkroj.com\/wp-content\/uploads\/2022\/02\/Zheegha-1-1152x1536.jpeg 1152w, http:\/\/www.severinkroj.com\/wp-content\/uploads\/2022\/02\/Zheegha-1.jpeg 1200w\" sizes=\"auto, (max-width: 149px) 100vw, 149px\" \/><\/figure>\n\n\n\n<p>Prispevek za delavnico je 60\u20ac.&nbsp;<br>Natan\u010dno lokacijo in dodatna navodila&nbsp;<br>dobite ob potrjeni prijavi na mail.<\/p>\n\n\n\n<p>Prijava \u0161teje izklju\u010dno na mail:&nbsp;<a rel=\"noreferrer noopener\" href=\"mailto:zum.muc@gmail.com\" target=\"_blank\">zum.muc@gmail.com<\/a> <\/p>\n\n\n\n<p>Dobrodo\u0161li.<\/p>\n\n\n\n<p>\u017diga<\/p>\n\n\n\n<p><a rel=\"noreferrer noopener\" href=\"http:\/\/www.severinkroj.com\/?page_id=521\" target=\"_blank\">URNIK VSEH DOGODKOV<\/a><\/p>\n","protected":false},"excerpt":{"rendered":"<p>URNIK VSEH DOGODKOV DELAVNICO IGRANJA NA DIDGEREDOO&nbsp;&nbsp; DIH BRUM ZVEN ZVOK&nbsp;RITEM MO\u010c VZTRAJNOST&nbsp;VIBRACIJA KREACIJA Kli\u010dem vse aborid\u017eine po du\u0161i,&nbsp;brate in sestre,da se mi pridru\u017eijo na celodnevni delavnici,kjer se bomo spominjali skupnih koreninz igranjem na didgeridoo. \u010ce te njegov zvok privla\u010di, potem je to to.Igranje didgeridoo-ja lahko vpliva na marsikaj lepega v tvojem \u017eivljenju.Didgeridoo je starodavni &hellip; <\/p>\n<p class=\"link-more\"><a href=\"http:\/\/www.severinkroj.com\/?page_id=591\" class=\"more-link\">Preberi ve\u010d<span class=\"screen-reader-text\"> &#8220;U\u010denje igranja na Didgeridoo&#8221;<\/span><\/a><\/p>\n","protected":false},"author":2,"featured_media":0,"parent":0,"menu_order":0,"comment_status":"closed","ping_status":"closed","template":"","meta":{"footnotes":""},"class_list":["post-591","page","type-page","status-publish","hentry"],"_links":{"self":[{"href":"http:\/\/www.severinkroj.com\/index.php?rest_route=\/wp\/v2\/pages\/591","targetHints":{"allow":["GET"]}}],"collection":[{"href":"http:\/\/www.severinkroj.com\/index.php?rest_route=\/wp\/v2\/pages"}],"about":[{"href":"http:\/\/www.severinkroj.com\/index.php?rest_route=\/wp\/v2\/types\/page"}],"author":[{"embeddable":true,"href":"http:\/\/www.severinkroj.com\/index.php?rest_route=\/wp\/v2\/users\/2"}],"replies":[{"embeddable":true,"href":"http:\/\/www.severinkroj.com\/index.php?rest_route=%2Fwp%2Fv2%2Fcomments&post=591"}],"version-history":[{"count":6,"href":"http:\/\/www.severinkroj.com\/index.php?rest_route=\/wp\/v2\/pages\/591\/revisions"}],"predecessor-version":[{"id":849,"href":"http:\/\/www.severinkroj.com\/index.php?rest_route=\/wp\/v2\/pages\/591\/revisions\/849"}],"wp:attachment":[{"href":"http:\/\/www.severinkroj.com\/index.php?rest_route=%2Fwp%2Fv2%2Fmedia&parent=591"}],"curies":[{"name":"wp","href":"https:\/\/api.w.org\/{rel}","templated":true}]}}