{"id":589,"date":"2022-07-28T15:22:59","date_gmt":"2022-07-28T15:22:59","guid":{"rendered":"http:\/\/www.severinkroj.com\/?page_id=589"},"modified":"2022-09-19T08:10:00","modified_gmt":"2022-09-19T08:10:00","slug":"naravna-gradnja","status":"publish","type":"page","link":"http:\/\/www.severinkroj.com\/?page_id=589","title":{"rendered":"ZAKLADJEDELNICA"},"content":{"rendered":"\n<p><a rel=\"noreferrer noopener\" href=\"http:\/\/www.severinkroj.com\/?page_id=521\" target=\"_blank\">URNIK VSEH DOGODKOV<\/a><\/p>\n\n\n\n<p>Izdelovalnica preprostih, lepih in sila uporabnih stvari, in\u0161trumentov, pripomo\u010dkov. <br>Uporabljamo naravne materiale, lepila, smole, voske, ko\u017ee, svedre, smirkov papir, barve, elektriko, &#8230; <\/p>\n\n\n\n<p id=\"block-17ff0466-1521-4e26-9acf-bd150231f8f0\"><strong>NARAVNA GRADNJA &#8211; kupula za son\u010denje in sen\u010denje<\/strong><\/p>\n\n\n\n<p id=\"block-2f4ac958-5d01-45c3-8ef4-54187e4d9f55\">Delavnica in dru\u017eenje ob reki, v naravi, ob ognju, pod milim nebom.<br>Lokacija je Vrbensko za Savinjo, ob prijavi izve\u0161 vse, kar je treba.<br>Vstop prost. Dobrodo\u0161le donacije. <br>Prijave za info in lokacijo: <a href=\"zum.muc@gmail.com\">zum.muc@gmail.com<\/a><\/p>\n\n\n\n<p id=\"block-814b1be1-6285-4d7f-b8f2-c2febb099aa4\"><strong>Pribli\u017een potek:<\/strong><br>nabiranje materialov na obeh bregovih reke<br>povezovanje konstrukcije<br>kosilo na ognju,<br>packanje s &#8220;cobom&#8221;, obla\u010denje konstrukcije v zemljin pla\u0161\u010d.<\/p>\n\n\n\n<p id=\"block-0bfd1e5a-dea2-4886-a4b1-e3227f0756f0\">Kaj prinese\u0161 s sabo, \u010de ima\u0161 to mo\u017enost:<br>&#8211; lopata, motika, veliko vedro, \u0161karje, no\u017e, sekira<br>&#8211; hrana, kak doma\u010d izdelk rastlinski ali pa kaj za na ogenj (bo vok) <br>(prosim brez razhudnikov, paradajz, papriko, jaj\u010devce in krompir prosim pustite doma) <\/p>\n\n\n\n<figure class=\"wp-block-image is-resized\" id=\"block-3058e0c2-1877-4779-ae14-7c48d798992e\"><img loading=\"lazy\" decoding=\"async\" src=\"http:\/\/www.severinkroj.com\/wp-content\/uploads\/2022\/03\/IMG_2150-manjsa-1024x768.jpg\" alt=\"Ta slika ima prazen alt atribut; ime datoteke je IMG_2150-manjsa-1024x768.jpg\" width=\"380\" height=\"285\"\/><\/figure>\n\n\n\n<p><strong>Naravna gradnja &#8211; GLINENA PE\u010c<\/strong><\/p>\n\n\n\n<p>Glinena pe\u010d za peko pice, \u0161mice in kvice. <\/p>\n\n\n\n<p>Video o izdelavi glinene pe\u010di prihaja. <\/p>\n\n\n\n<p><a rel=\"noreferrer noopener\" href=\"http:\/\/www.severinkroj.com\/?page_id=521\" target=\"_blank\">URNIK VSEH DOGODKOV<\/a><\/p>\n","protected":false},"excerpt":{"rendered":"<p>URNIK VSEH DOGODKOV Izdelovalnica preprostih, lepih in sila uporabnih stvari, in\u0161trumentov, pripomo\u010dkov. Uporabljamo naravne materiale, lepila, smole, voske, ko\u017ee, svedre, smirkov papir, barve, elektriko, &#8230; NARAVNA GRADNJA &#8211; kupula za son\u010denje in sen\u010denje Delavnica in dru\u017eenje ob reki, v naravi, ob ognju, pod milim nebom.Lokacija je Vrbensko za Savinjo, ob prijavi izve\u0161 vse, kar je &hellip; <\/p>\n<p class=\"link-more\"><a href=\"http:\/\/www.severinkroj.com\/?page_id=589\" class=\"more-link\">Preberi ve\u010d<span class=\"screen-reader-text\"> &#8220;ZAKLADJEDELNICA&#8221;<\/span><\/a><\/p>\n","protected":false},"author":2,"featured_media":0,"parent":0,"menu_order":0,"comment_status":"closed","ping_status":"closed","template":"","meta":{"footnotes":""},"class_list":["post-589","page","type-page","status-publish","hentry"],"_links":{"self":[{"href":"http:\/\/www.severinkroj.com\/index.php?rest_route=\/wp\/v2\/pages\/589","targetHints":{"allow":["GET"]}}],"collection":[{"href":"http:\/\/www.severinkroj.com\/index.php?rest_route=\/wp\/v2\/pages"}],"about":[{"href":"http:\/\/www.severinkroj.com\/index.php?rest_route=\/wp\/v2\/types\/page"}],"author":[{"embeddable":true,"href":"http:\/\/www.severinkroj.com\/index.php?rest_route=\/wp\/v2\/users\/2"}],"replies":[{"embeddable":true,"href":"http:\/\/www.severinkroj.com\/index.php?rest_route=%2Fwp%2Fv2%2Fcomments&post=589"}],"version-history":[{"count":6,"href":"http:\/\/www.severinkroj.com\/index.php?rest_route=\/wp\/v2\/pages\/589\/revisions"}],"predecessor-version":[{"id":766,"href":"http:\/\/www.severinkroj.com\/index.php?rest_route=\/wp\/v2\/pages\/589\/revisions\/766"}],"wp:attachment":[{"href":"http:\/\/www.severinkroj.com\/index.php?rest_route=%2Fwp%2Fv2%2Fmedia&parent=589"}],"curies":[{"name":"wp","href":"https:\/\/api.w.org\/{rel}","templated":true}]}}