{"id":581,"date":"2022-07-28T10:54:57","date_gmt":"2022-07-28T10:54:57","guid":{"rendered":"http:\/\/www.severinkroj.com\/?page_id=581"},"modified":"2025-04-16T11:39:03","modified_gmt":"2025-04-16T11:39:03","slug":"bobnarska-delavnica","status":"publish","type":"page","link":"http:\/\/www.severinkroj.com\/?page_id=581","title":{"rendered":"\u0160TUDIJ RITMA"},"content":{"rendered":"\n<p><a rel=\"noreferrer noopener\" href=\"http:\/\/www.severinkroj.com\/?page_id=521\" target=\"_blank\">URNIK VSEH DOGODKOV<\/a><\/p>\n\n\n\n<p class=\"has-medium-font-size\"><strong>INTENZIVNA ENODNEVNA BOBNARSKA DELAVNICA<\/strong>&nbsp;<br>&#8220;prakti\u010dni \u0161tudij ritma&#8221;<br>vodi&nbsp;<strong>\u017diga<\/strong><\/p>\n\n\n\n<figure class=\"wp-block-image size-large is-resized\"><img loading=\"lazy\" decoding=\"async\" width=\"1024\" height=\"322\" src=\"http:\/\/www.severinkroj.com\/wp-content\/uploads\/2022\/09\/bobn-krog-1024x322.jpg\" alt=\"\" class=\"wp-image-749\" srcset=\"http:\/\/www.severinkroj.com\/wp-content\/uploads\/2022\/09\/bobn-krog-1024x322.jpg 1024w, http:\/\/www.severinkroj.com\/wp-content\/uploads\/2022\/09\/bobn-krog-300x94.jpg 300w, http:\/\/www.severinkroj.com\/wp-content\/uploads\/2022\/09\/bobn-krog-768x242.jpg 768w, http:\/\/www.severinkroj.com\/wp-content\/uploads\/2022\/09\/bobn-krog-1536x483.jpg 1536w, http:\/\/www.severinkroj.com\/wp-content\/uploads\/2022\/09\/bobn-krog-2048x645.jpg 2048w\" sizes=\"auto, (max-width: 706px) 89vw, (max-width: 767px) 82vw, 740px\" \/><\/figure>\n\n\n\n<p>\u017divljenje je dinami\u010dno, vseskozi se spreminja. <br>Ljudje smo z lahkoto usklajeni z naravnimi ritmi. <br><br><strong>Delavnica skupinskega igranja tolkal, \u0161tudij ritma v praksi, kontemplacija ob igranju. <\/strong><br>Za\u010dutimo ritem, dojemimo kako smo lahko lepo podprti, videni, sli\u0161ani. <\/p>\n\n\n\n<p>Obstajata dva tipa te delavnice: <br><strong>\u0160TUDIJ RITMA na afri\u0161kih bobnih <\/strong><br>(afri\u0161ke bobne igramo z obema rokama izmeni\u010dno, zato je pomemben tudi na\u010din igranja) <br><br><strong>\u0160TUDIJ RITMA na \u0161amanskih bobnih<\/strong> <br>(\u0161amanske bobne igramo z eno roko, vse je z lahkoto izvedljivo)<\/p>\n\n\n\n<p>in seveda <strong>KRATKA &#8211; bobnarska delavnica (2h)<\/strong>, kjer se vadijo samo dolo\u010deni sklopi. <\/p>\n\n\n\n<p><strong>Cilj: <\/strong>razumevanje in \u010dutenje ritma, skupinska dinamika, svobodno in spro\u0161\u010deno izra\u017eanje, trening in krepitev posluha za ritem in zvok<\/p>\n\n\n\n<p>Spro\u0161\u010danje z zvokom, zvo\u010dna kopel, spodbujanje giba, spodbujanje sprememb, <br>vzorci ritma, vzorci \u017eivljenja. Zahtevnost, kot ovira? Spro\u0161\u010denost, kot prednost? <\/p>\n\n\n\n<p>Na delavnici bomo delali vaje za koordinacijo rok, vaje za hitrost, ter vaje za vzpostavljanje specifi\u010dnih ritmov, ki jih bomo skupaj preigravali. Cilj je, da se udele\u017eenci sami znajdejo na bobnu, da znajo sli\u0161at kakr\u0161en koli ritmi\u010dni vzorec in ga ponovit, da znamo vsi skupaj usklajeno igrat. Vsak po svojih zmo\u017enostih in \u017eeljah. <\/p>\n\n\n\n<p><strong>Pri afri\u0161kih bobnih<\/strong> treniramo usklajenost med levo in desno roko &#8211; koordinacijo. U\u010dimo se ravnati z bobnom, da dobimo iz njega to, kar lahko da. Afri\u0161ki boben je zahtevnej\u0161i, ker ga uporabljamo z obema rokama hkrati. <br><strong>Pri \u0161amanskih bobnih <\/strong>se bolj ukvarjamo z razli\u010dnimi poudarki in &#8220;fintami&#8221;, ki jih lahko \u010dlovek uporabi pri igranju, da dose\u017ee \u017eeleno ritmi\u010dni vzorec. U\u010denje igranja ni toliko zahtevno, zato se la\u017eje posvetimo tudi terapevtskim u\u010dinkom. <\/p>\n\n\n\n<p>Boben in ropotulja sta in\u0161trumenta za sporazumevanje. Ko prerastemo za\u010detni\u0161ko igranje, kjer razmi\u0161ljamo samo o tem, kam postaviti katero roko, kako pre\u0161teti ritem, lahko ob igranju svoje misli usmerimo, kamor \u017eelimo. To je tudi namen mlatenja po bobnih.<\/p>\n\n\n\n<p>Bobnanje \u2013 nameren klic &#8211; kontemplacija \u2013 trans \/ meditacija \u2013 molitev &#8211; stik &#8211; enost &#8211; mir. <\/p>\n\n\n\n<p><strong>Delavnica je namenjene tako izku\u0161enim bobnarjem, kot tudi tistim, ki se \u0161e spoznavajo z bobnanjem, namenjena je \u0161ir\u0161emu razumevanju ritma, kako je sestavljen in kako se \u010duti.<br>Namenjena je pridobivanju izku\u0161enj skupinskega igranja, prepoznavanja vseh dinamik. <\/strong><\/p>\n\n\n\n<p>In\u0161trumentov bo dovolj, \u010de ima\u0161 svoje, jih prinesi s sabo. <br>Slabo napete bobne bomo napeli in popravili, kar se da.<\/p>\n\n\n\n<p>Prav tako prinesi s sabo kak\u0161en prigrizek zase in za prijatelje.<\/p>\n\n\n\n<p>Ker so potrebe ljudi razli\u010dne, imam pripravljenih ve\u010d oblik te delavnice. <br><strong>ZA ODRASTLE: <\/strong>\u010ce traja delavnica cel dan (od 10:00 do 16:00), <br>je prispevek 60\u20ac, ali 70\u20ac, odvisno od prostora, kjer smo<br>najkraj\u0161a izvedba traja 2 uri, priporo\u010den prispevek 20\u20ac<br><strong>ZA OTROKE:<\/strong> Delavnica po dogovoru za \u0161ole, vrtce, skupine, rojstne dneve, &#8230; <\/p>\n\n\n\n<figure class=\"wp-block-image size-large is-resized\"><img loading=\"lazy\" decoding=\"async\" width=\"1024\" height=\"683\" src=\"http:\/\/www.severinkroj.com\/wp-content\/uploads\/2022\/09\/KOSARKARSKA-SOLA-Avgust-2022-18-1-1024x683.jpg\" alt=\"\" class=\"wp-image-751\" srcset=\"http:\/\/www.severinkroj.com\/wp-content\/uploads\/2022\/09\/KOSARKARSKA-SOLA-Avgust-2022-18-1-1024x683.jpg 1024w, http:\/\/www.severinkroj.com\/wp-content\/uploads\/2022\/09\/KOSARKARSKA-SOLA-Avgust-2022-18-1-300x200.jpg 300w, http:\/\/www.severinkroj.com\/wp-content\/uploads\/2022\/09\/KOSARKARSKA-SOLA-Avgust-2022-18-1-768x512.jpg 768w, http:\/\/www.severinkroj.com\/wp-content\/uploads\/2022\/09\/KOSARKARSKA-SOLA-Avgust-2022-18-1-1536x1024.jpg 1536w, http:\/\/www.severinkroj.com\/wp-content\/uploads\/2022\/09\/KOSARKARSKA-SOLA-Avgust-2022-18-1-2048x1365.jpg 2048w\" sizes=\"auto, (max-width: 706px) 89vw, (max-width: 767px) 82vw, 740px\" \/><\/figure>\n\n\n\n<p>Natan\u010dno lokacijo in dodatna navodila dobite ob potrjeni prijavi na mail. <br>Prijava \u0161teje izklju\u010dno na mail: <a href=\"zum.muc@gmail.com\">zum.muc@gmail.com<\/a> <\/p>\n\n\n\n<p>Delavnico je, na podlagi dolgoletnih izku\u0161enj vodenje bobnarskih delavnic in krogov, zasnoval in jo vodi \u017diga Birsa, glasbenik, terapevt, ustvarjalec<br>Njegova spletna stran:&nbsp;<a href=\"https:\/\/l.facebook.com\/l.php?u=http%3A%2F%2Fwww.severinkroj.com%2F%3Ffbclid%3DIwAR2d_9HbgwMdOMqQ4ASbyiC98W-IrhRw2yNtT05wF2IHfaYXXiSvi62KtqE&amp;h=AT31TqDersJ_pCjaJzbcfjOq94QBTwboUSxDSIak8hsJ9RkIQ_oa0Zb-GZUVoJeurJO3UdH_AC3LdJV7ChEzysvI8LQTJpuSM_KV2HqWWyLZPmIlSRMLrnatDCvkQgjINw&amp;__tn__=q&amp;c[0]=AT2HnxZLh7hUqMgxrVigTgxfVYmCrhMiYal03ZV42BK6gcsNDjxtKsTlhEqLg0u6WUider58CT1e3cxY6Q6Jvx_D639g4_XUJWEJiB7nOGIPXGuz8H7uP9nC24BO4C5zOJyGaBbcuGD7nu326EcL45Zs\" target=\"_blank\" rel=\"noreferrer noopener\">www.severinkroj.com<\/a><\/p>\n\n\n\n<p>Dobrodo\u0161li. <\/p>\n\n\n\n<p>\u017diga<br><br><a rel=\"noreferrer noopener\" href=\"http:\/\/www.severinkroj.com\/?page_id=521\" target=\"_blank\">URNIK VSEH DOGODKOV<\/a><\/p>\n\n\n\n<figure class=\"wp-block-image size-large is-resized\"><img loading=\"lazy\" decoding=\"async\" width=\"1024\" height=\"683\" src=\"http:\/\/www.severinkroj.com\/wp-content\/uploads\/2022\/09\/aha-mamo-te-5-1024x683.jpg\" alt=\"\" class=\"wp-image-753\" srcset=\"http:\/\/www.severinkroj.com\/wp-content\/uploads\/2022\/09\/aha-mamo-te-5-1024x683.jpg 1024w, http:\/\/www.severinkroj.com\/wp-content\/uploads\/2022\/09\/aha-mamo-te-5-300x200.jpg 300w, http:\/\/www.severinkroj.com\/wp-content\/uploads\/2022\/09\/aha-mamo-te-5-768x512.jpg 768w, http:\/\/www.severinkroj.com\/wp-content\/uploads\/2022\/09\/aha-mamo-te-5-1536x1024.jpg 1536w, http:\/\/www.severinkroj.com\/wp-content\/uploads\/2022\/09\/aha-mamo-te-5.jpg 2048w\" sizes=\"auto, (max-width: 706px) 89vw, (max-width: 767px) 82vw, 740px\" \/><\/figure>\n","protected":false},"excerpt":{"rendered":"<p>URNIK VSEH DOGODKOV INTENZIVNA ENODNEVNA BOBNARSKA DELAVNICA&nbsp;&#8220;prakti\u010dni \u0161tudij ritma&#8221;vodi&nbsp;\u017diga \u017divljenje je dinami\u010dno, vseskozi se spreminja. Ljudje smo z lahkoto usklajeni z naravnimi ritmi. Delavnica skupinskega igranja tolkal, \u0161tudij ritma v praksi, kontemplacija ob igranju. Za\u010dutimo ritem, dojemimo kako smo lahko lepo podprti, videni, sli\u0161ani. Obstajata dva tipa te delavnice: \u0160TUDIJ RITMA na afri\u0161kih bobnih (afri\u0161ke &hellip; <\/p>\n<p class=\"link-more\"><a href=\"http:\/\/www.severinkroj.com\/?page_id=581\" class=\"more-link\">Preberi ve\u010d<span class=\"screen-reader-text\"> &#8220;\u0160TUDIJ RITMA&#8221;<\/span><\/a><\/p>\n","protected":false},"author":2,"featured_media":0,"parent":0,"menu_order":0,"comment_status":"closed","ping_status":"closed","template":"","meta":{"footnotes":""},"class_list":["post-581","page","type-page","status-publish","hentry"],"_links":{"self":[{"href":"http:\/\/www.severinkroj.com\/index.php?rest_route=\/wp\/v2\/pages\/581","targetHints":{"allow":["GET"]}}],"collection":[{"href":"http:\/\/www.severinkroj.com\/index.php?rest_route=\/wp\/v2\/pages"}],"about":[{"href":"http:\/\/www.severinkroj.com\/index.php?rest_route=\/wp\/v2\/types\/page"}],"author":[{"embeddable":true,"href":"http:\/\/www.severinkroj.com\/index.php?rest_route=\/wp\/v2\/users\/2"}],"replies":[{"embeddable":true,"href":"http:\/\/www.severinkroj.com\/index.php?rest_route=%2Fwp%2Fv2%2Fcomments&post=581"}],"version-history":[{"count":15,"href":"http:\/\/www.severinkroj.com\/index.php?rest_route=\/wp\/v2\/pages\/581\/revisions"}],"predecessor-version":[{"id":1998,"href":"http:\/\/www.severinkroj.com\/index.php?rest_route=\/wp\/v2\/pages\/581\/revisions\/1998"}],"wp:attachment":[{"href":"http:\/\/www.severinkroj.com\/index.php?rest_route=%2Fwp%2Fv2%2Fmedia&parent=581"}],"curies":[{"name":"wp","href":"https:\/\/api.w.org\/{rel}","templated":true}]}}