{"id":402,"date":"2018-10-29T15:51:14","date_gmt":"2018-10-29T14:51:14","guid":{"rendered":"http:\/\/www.severinkroj.com\/?page_id=402"},"modified":"2024-09-25T09:59:27","modified_gmt":"2024-09-25T09:59:27","slug":"workshop","status":"publish","type":"page","link":"http:\/\/www.severinkroj.com\/?page_id=402","title":{"rendered":"WORKSHOPS"},"content":{"rendered":"\n<p><em>There are a lot of things we have allready learned in Life,<br>some of them we have to teach to others,<br>in order to accelerate the waking up process,<br>some of them we all need, to be able to come Home.<\/em><\/p>\n\n\n\n<p>Descriptions are below.<\/p>\n\n\n\n<figure class=\"wp-block-image size-large is-resized\"><img loading=\"lazy\" decoding=\"async\" width=\"2048\" height=\"1536\" src=\"http:\/\/www.severinkroj.com\/wp-content\/uploads\/2023\/03\/334798027_535704641776224_3724097180293868079_n.jpg\" alt=\"\" class=\"wp-image-1012\" style=\"width:405px;height:304px\"\/><\/figure>\n\n\n\n<p><strong>We offer to share with groups:&nbsp;<\/strong><br>&#8211; Drumming workshop &#8211; study<br>&#8211; Drumming circle and shamanic journey workshop<br>&#8211; Rebirthing workshop &#8211; breathwork <br>&#8211; Construction with COB workshops (clay-pizza-oven, &#8230;.)<br>&#8211; Spontanous group singing workshop<br>&#8211; Singing ceremony<br>&#8211; Kakao ceremony<br>&#8211; Soundhealing sessions<br>&#8211; Holy Instant workshop <\/p>\n\n\n\n<p>Please learn slovenian, or translate from slovenian to english, for more understanding \ud83d\ude42<br>Short english descriptions on the bottom of this page. <\/p>\n\n\n\n<p class=\"block-editor-rich-text__editable block-editor-block-list__block wp-block has-medium-font-size rich-text\" id=\"block-dbce1828-d25f-4169-a309-6f4639989127\"><strong>Prakti\u010dne delavnice<\/strong><\/p>\n\n\n\n<p class=\"block-editor-rich-text__editable block-editor-block-list__block wp-block has-vivid-red-color has-pale-cyan-blue-background-color has-text-color has-background has-medium-font-size rich-text\" id=\"block-c2eec970-b424-430a-8e60-68ceaaf8eb3d\"><a href=\"http:\/\/www.severinkroj.com\/?page_id=581\" target=\"_blank\" rel=\"noreferrer noopener\"><strong>Bobnarska delavnica &#8211; \u0161tudij ritma <\/strong><\/a>&#8211; izku\u0161nje, razumevanje in vaje delajo mojstra<\/p>\n\n\n\n<p class=\"block-editor-rich-text__editable block-editor-block-list__block wp-block has-vivid-red-color has-pale-pink-background-color has-text-color has-background has-medium-font-size rich-text\" id=\"block-3508ebb1-5a13-420c-83af-b35dcec33e86\"><a href=\"http:\/\/www.severinkroj.com\/?page_id=697\" target=\"_blank\" rel=\"noreferrer noopener\"><strong>Kreativa &#8211; delavnica trenutnega skupinskega zvo\u010dnega izraza<\/strong><\/a> &#8211; harmonija in kaos<\/p>\n\n\n\n<p class=\"block-editor-rich-text__editable block-editor-block-list__block wp-block has-vivid-red-color has-pale-cyan-blue-background-color has-text-color has-background has-medium-font-size rich-text\" id=\"block-c21e0e3e-499e-4a26-9733-5c195096406d\"><strong><a href=\"http:\/\/www.severinkroj.com\/?page_id=704\" target=\"_blank\" rel=\"noreferrer noopener\">Gibanica &#8211; delavnica z gibom in zvokom<\/a><\/strong> &#8211; biti tu, je moje naravno stanje<\/p>\n\n\n\n<p class=\"block-editor-rich-text__editable block-editor-block-list__block wp-block has-vivid-red-color has-cyan-bluish-gray-background-color has-text-color has-background has-medium-font-size rich-text\" id=\"block-fbead790-c03b-432f-a99e-98bd625e1513\"><a href=\"http:\/\/www.severinkroj.com\/?page_id=589\" target=\"_blank\" rel=\"noreferrer noopener\"><strong>Zakladjedelnica &#8211; izdelovalnica uporabnih stvari<\/strong><\/a> &#8211; zakladi iz narave za naravo<\/p>\n\n\n\n<p class=\"block-editor-rich-text__editable block-editor-block-list__block wp-block has-vivid-red-color has-light-green-cyan-background-color has-text-color has-background has-medium-font-size rich-text\" id=\"block-3fd6eb9a-a6cf-4ac6-8c9f-faee8b2c1821\"><a href=\"http:\/\/www.severinkroj.com\/?page_id=591\" target=\"_blank\" rel=\"noreferrer noopener\"><strong>Did\u017eiridu delavnica &#8211; u\u010denje igranja na did\u017eiridu<\/strong><\/a> &#8211; starodavni, prvinski, zemeljski<\/p>\n\n\n\n<p class=\"block-editor-rich-text__editable block-editor-block-list__block wp-block has-vivid-red-color has-cyan-bluish-gray-background-color has-text-color has-background has-medium-font-size rich-text\" id=\"block-050552be-da87-4e64-97a9-f51bd5d2436d\"><strong><a href=\"http:\/\/www.severinkroj.com\/?page_id=717\" target=\"_blank\" rel=\"noreferrer noopener\" data-type=\"page\" data-id=\"717\">\u017divljenje je igra &#8211; delavnica dramske igre (method acting<\/a>) <\/strong>&#8211; tvoj izraz tebe<\/p>\n\n\n\n<p class=\"block-editor-rich-text__editable block-editor-block-list__block wp-block has-medium-font-size rich-text\" id=\"block-d73dbfd3-92e7-4f9e-8fdd-b2c02b6e06af\"><strong>Glasba<\/strong><\/p>\n\n\n\n<p class=\"block-editor-rich-text__editable block-editor-block-list__block wp-block has-vivid-red-color has-vivid-green-cyan-background-color has-text-color has-background has-medium-font-size rich-text\" id=\"block-7dc3bade-1b89-4193-bc99-ee29ea86b98e\"><a href=\"http:\/\/www.severinkroj.com\/?page_id=628\" target=\"_blank\" rel=\"noreferrer noopener\"><strong>Shamanika Kreativa &#8211; glasba in zvok sedanjega trenutka<\/strong><\/a><\/p>\n\n\n\n<p class=\"block-editor-rich-text__editable block-editor-block-list__block wp-block has-vivid-red-color has-luminous-vivid-orange-background-color has-text-color has-background has-medium-font-size rich-text\" id=\"block-58b45238-b8ce-4bda-80a5-1caeb6136902\"><strong><a href=\"http:\/\/www.severinkroj.com\/?page_id=596\" target=\"_blank\" rel=\"noreferrer noopener\">Kakav ceremonija s Shamanika Love<\/a><\/strong><\/p>\n\n\n\n<p class=\"block-editor-rich-text__editable block-editor-block-list__block wp-block has-vivid-red-color has-pale-cyan-blue-background-color has-text-color has-background has-medium-font-size rich-text\" id=\"block-4c43b6a9-99d0-495e-862a-3e83b33a8d5e\"><a href=\"http:\/\/www.severinkroj.com\/?page_id=593\"><strong>Bobnarski krog in \u0161amansko potovanje<\/strong><\/a><\/p>\n\n\n\n<p class=\"block-editor-rich-text__editable block-editor-block-list__block wp-block has-vivid-red-color has-luminous-vivid-orange-background-color has-text-color has-background has-medium-font-size rich-text\" id=\"block-179e2f7f-26c5-408b-bfd1-91ba911356dd\"><strong>Krog skupinskega petja &#8211; ceremonija &#8211; Shamanika Love<\/strong><\/p>\n\n\n\n<p class=\"block-editor-rich-text__editable block-editor-block-list__block wp-block has-medium-font-size rich-text\" id=\"block-cc93f795-e645-43c1-9f8c-4533345b6ed7\"><strong>Dihanje Rebirthing Breathwork Prisotnost<\/strong><\/p>\n\n\n\n<p class=\"block-editor-rich-text__editable block-editor-block-list__block wp-block has-vivid-red-color has-pale-pink-background-color has-text-color has-background has-medium-font-size rich-text\" id=\"block-ac0e7413-1875-4b37-86ed-c671147eeb4b\"><strong><a href=\"http:\/\/www.himalaya-rebirth.com\/sl\/rebirthing\/dogodki-2\/\" target=\"_blank\" rel=\"noreferrer noopener\">Rebirthing<\/a><\/strong><\/p>\n\n\n\n<p class=\"block-editor-rich-text__editable block-editor-block-list__block wp-block has-vivid-red-color has-pale-pink-background-color has-text-color has-background has-medium-font-size rich-text\" id=\"block-a2b412ab-0d1f-4dc7-a897-bc7614beb4dc\"><a href=\"http:\/\/www.severinkroj.com\/?page_id=584\"><strong>Prvinski obred \u010di\u0161\u010denja s \u0161tirimi elementi<\/strong><\/a><\/p>\n\n\n\n<hr class=\"wp-block-separator has-css-opacity\"\/>\n\n\n\n<h4 class=\"wp-block-heading\"><strong>HOLY INSTANT (experience of our oneness) by Magu Ika<\/strong><\/h4>\n\n\n\n<p>The goal is being at peace with ourselves, fully aware of everything there is.&nbsp;<br>The goal is to be soft to the &#8220;pressures&#8221; of life, <br>to widen our capacity to accept life as it is,&nbsp;<br>or to realize where we can make the changes, and then make them.  <br>On the inside we find gratitute, happiness, peace and lots of love. <\/p>\n\n\n\n<p>We give ourselves a possibility <br>to reinterpret, rephrase, reuse, abandon or transform the old energies<br>and thus create space which can be filled up with peace, compassion, &#8230;&nbsp;<\/p>\n\n\n\n<p>Our holiness is hidden right before our sight.<br>If we don&#8217;t invite it in, it will only momentarily reveal itself.<br>It respects our free will and reacts to our intentions and prayers.<\/p>\n\n\n\n<p>Holy connection to our brothers and sisters,<br>to our higher self, to the Great Holy Spirit,<br>to the star families of all realms,<br>to all our guides and helpers<br>is right here, right now.<br>We can all experience it.<\/p>\n\n\n\n<p><strong>Our workshop consists of:<\/strong><br>invitation to our true nature, relaxation,<br>creating life with breath and drum,&nbsp;<br>contemplation, forgiving, healing,<br>singing, accepting our gifts,<br>expressing thankfulness,<br>prayers, being there.<\/p>\n\n\n\n<p>To be able to consciously abide in our rightful place,<br>we only need to express this thorough our prayers<br>being able to opeheartedly accept what is.<\/p>\n\n\n\n<p><strong>Duration of workshop:<\/strong> 2+ hours<\/p>\n\n\n\n<hr class=\"wp-block-separator has-css-opacity\"\/>\n\n\n\n<h4 class=\"wp-block-heading\"><strong>DRUMMING WORKSHOP and DRUMMING CIRCLE by Ziga<\/strong><\/h4>\n\n\n\n<p>We use the rhythm to be present Now.<br>We learn how to be with the beat,<br>training ourselves to stay focused,<br>Training our body to do what the mind wants,<br>being fast, being creative, being there.<\/p>\n\n\n\n<p>Duration: 4 hours (a day)<\/p>\n\n\n\n<hr class=\"wp-block-separator has-css-opacity\"\/>\n\n\n\n<h4 class=\"wp-block-heading\"><strong>REBIRTHING by Himalaya Rebirthing<\/strong><\/h4>\n\n\n\n<p>Check out our official&nbsp;site: <a href=\"http:\/\/www.himalaya-rebirth.com\" target=\"_blank\" rel=\"noopener\">www.himalaya-rebirth.com<\/a><\/p>\n\n\n\n<hr class=\"wp-block-separator has-css-opacity\"\/>\n\n\n\n<h4 class=\"wp-block-heading\"><strong>CLAY PIZZA OVEN by Ziga&nbsp;<\/strong><\/h4>\n\n\n\n<p>We gather the materials, the clay, sand, stones, earth, straw.<br>We bouild the thing from scratch, using simple tools, no electricity.<br>After just three months (from three to 6, depends on the drying conditions)<br>it becomes alive and is being cabable of producing food<br>of great quality, taste and fragrance.<\/p>\n\n\n\n<p>We build with COB, anything you wanna have.&nbsp;<\/p>\n\n\n\n<p>More pics coming up.<\/p>\n\n\n\n<p>Duration: 1 day<\/p>\n\n\n\n<hr class=\"wp-block-separator has-css-opacity\"\/>\n\n\n\n<h4 class=\"wp-block-heading\"><strong>SPONTANEOUS GROUP SINGING AND MUSIC OF NOW by Magu Ika<\/strong><\/h4>\n\n\n\n<p>It&#8217;s a therapy, for the body, the mind, the enotional body.<br>It&#8217;s a gateway for the Great Spirit to be able to talk and express with you.<br>It&#8217;s a chance for you to cry, laugh and be who you are, express who you are.<br>It&#8217;s time to play toghether  with us with what all you&#8217;ve got. <\/p>\n\n\n\n<p>Just to say something is sometimes hard.<br>We learn how to prepair our body to open to express,<br>how to listen, how to feel deeper,<br>how to trust, how to say the word,<br>make the sound and be here.<\/p>\n\n\n\n<p>We sing songs from the moment of our being,<br>from the feeling we share in the circle.<br>No one knows the songs better then us. <br>No one heard them before. <\/p>\n\n\n\n<p>It&#8217;s the sound of our healing,<br>coming home to our true nature.&nbsp;<\/p>\n\n\n\n<p>Duration: 2+ hours<\/p>\n\n\n\n<hr class=\"wp-block-separator has-css-opacity\"\/>\n\n\n\n<h4 class=\"wp-block-heading\"><strong>SINGING CEREMONY by Shamanika Love&nbsp;<\/strong><\/h4>\n\n\n\n<p>We sing the songs of freedom and beauty.<br>To open our hearts for harmony, abundance and love.<br>To see and feel the life as it is.<\/p>\n\n\n\n<p>Duration: 3 hours<\/p>\n\n\n\n<hr class=\"wp-block-separator has-css-opacity\"\/>\n\n\n\n<h4 class=\"wp-block-heading\"><strong>KAKAO CEREMONY by Shamanika Love&nbsp;<\/strong><\/h4>\n\n\n\n<p>To open our hearts for beauty, harmony, abundance and love.<\/p>\n\n\n\n<p>With intentions to heal the wounds, bring ourselves to peace,<br>bring our relations to harmony, bring our lives to flourish,<br>we drink the cacao and bow to Life.<\/p>\n\n\n\n<p>We sing the songs of freedom and beauty.<br>We thank and pray.<\/p>\n\n\n\n<p>Duration: 6 hours<\/p>\n\n\n\n<hr class=\"wp-block-separator has-css-opacity\"\/>\n\n\n\n<h4 class=\"wp-block-heading\"><strong>SOUNDHEALING SESSIONS <\/strong><\/h4>\n\n\n\n<p><strong>Shamanic journey by Magu Ika<\/strong><br>I connect with source and do what I am to do. <br>I give you some ancor points for your shamanic journey <br>and call the Mother and the Father to welcome you HOME. <\/p>\n\n\n\n<p><strong>sound fountain by Shamanika Kreativa<\/strong> <br>You can be a part of this unique event,<br>where everyone does what he\/she likes or does the best.<br>It&#8217;s a mix of cultures, rases, genders, species, worlds and universes.<br>It&#8217;s alive and it&#8217;s comming your way. I bring the sparks for ignition. <br>It might be one of the craziest things you will ever be a part of. <br><b>Shamanika Kreativa is a project cultivated from 2017 on &#8211; by Magu Ika. <\/b><br>It&#8217;s total surrender to the present moment, <br>It is a chaothic way to total Peace. <\/p>\n\n\n\n<hr class=\"wp-block-separator has-css-opacity\"\/>\n\n\n\n<h3 class=\"wp-block-heading\"><strong>INDIVIDUAL TREATMENTS by \u017diga and his loving Company<\/strong><\/h3>\n\n\n\n<p><strong>&#8211; Foot reflexology treatment<\/strong><br><strong>&#8211; Rebirthing <\/strong><br><strong>&#8211; Soundhealing&nbsp;<\/strong><br><strong>&#8211; Bindegewebe &#8211; treatment of fascia on the back<\/strong><br><strong>&#8211; Swedish body massage<\/strong><br><strong>&#8211; Consultations&nbsp; <\/strong><\/p>\n\n\n\n<p>Contact me as you please: <a href=\"mailto:zum.muc@gmail.com\" target=\"_blank\" rel=\"noreferrer noopener\">zum.muc@gmail.com<\/a> <\/p>\n\n\n\n<hr class=\"wp-block-separator has-css-opacity\"\/>\n\n\n\n<p>Everyone is acknowledged and welcome to our workshops or to individual counseling.<br>May illusions dissolve, because Truth abides in Relaxation into the flow of Peace.<br>May we all experience that from time to time or forever.<\/p>\n\n\n\n<p>Great Holy Spirit, please take this page<br>to the People who can use it<br>for their waking up into<br>our common Truth.<\/p>\n\n\n\n<p>Amen. Aho. Haux Haux<\/p>\n\n\n\n<p><strong>Magu Ika \u017diga Hun Caban<\/strong><\/p>\n","protected":false},"excerpt":{"rendered":"<p>There are a lot of things we have allready learned in Life,some of them we have to teach to others,in order to accelerate the waking up process,some of them we all need, to be able to come Home. Descriptions are below. We offer to share with groups:&nbsp;&#8211; Drumming workshop &#8211; study&#8211; Drumming circle and shamanic &hellip; <\/p>\n<p class=\"link-more\"><a href=\"http:\/\/www.severinkroj.com\/?page_id=402\" class=\"more-link\">Preberi ve\u010d<span class=\"screen-reader-text\"> &#8220;WORKSHOPS&#8221;<\/span><\/a><\/p>\n","protected":false},"author":2,"featured_media":0,"parent":0,"menu_order":0,"comment_status":"closed","ping_status":"closed","template":"","meta":{"footnotes":""},"class_list":["post-402","page","type-page","status-publish","hentry"],"_links":{"self":[{"href":"http:\/\/www.severinkroj.com\/index.php?rest_route=\/wp\/v2\/pages\/402","targetHints":{"allow":["GET"]}}],"collection":[{"href":"http:\/\/www.severinkroj.com\/index.php?rest_route=\/wp\/v2\/pages"}],"about":[{"href":"http:\/\/www.severinkroj.com\/index.php?rest_route=\/wp\/v2\/types\/page"}],"author":[{"embeddable":true,"href":"http:\/\/www.severinkroj.com\/index.php?rest_route=\/wp\/v2\/users\/2"}],"replies":[{"embeddable":true,"href":"http:\/\/www.severinkroj.com\/index.php?rest_route=%2Fwp%2Fv2%2Fcomments&post=402"}],"version-history":[{"count":23,"href":"http:\/\/www.severinkroj.com\/index.php?rest_route=\/wp\/v2\/pages\/402\/revisions"}],"predecessor-version":[{"id":1691,"href":"http:\/\/www.severinkroj.com\/index.php?rest_route=\/wp\/v2\/pages\/402\/revisions\/1691"}],"wp:attachment":[{"href":"http:\/\/www.severinkroj.com\/index.php?rest_route=%2Fwp%2Fv2%2Fmedia&parent=402"}],"curies":[{"name":"wp","href":"https:\/\/api.w.org\/{rel}","templated":true}]}}