{"id":1636,"date":"2024-08-21T15:07:02","date_gmt":"2024-08-21T15:07:02","guid":{"rendered":"http:\/\/www.severinkroj.com\/?page_id=1636"},"modified":"2025-08-07T13:16:47","modified_gmt":"2025-08-07T11:16:47","slug":"moski-obredi-prehoda","status":"publish","type":"page","link":"http:\/\/www.severinkroj.com\/?page_id=1636","title":{"rendered":"MO\u0160KI OBREDI PREHODA"},"content":{"rendered":"\n<p class=\"has-text-align-center has-text-color has-link-color has-medium-font-size wp-elements-4d4a4e260422b59c48936cae86b0a310\" style=\"color:#05a268\"><strong>MO\u0160KI OBREDI PREHODA<\/strong><br><strong>bli\u017eina Radovljice<\/strong>, 3.4. in 5. oktober 2025<br><strong>vikend tabor za mo\u0161ke<\/strong> <strong>preboje<\/strong><\/p>\n\n\n\n<p class=\"has-text-align-center has-vivid-red-color has-text-color has-link-color wp-elements-13e4d319476ce078bc8b48657079b308\"><strong>ogenj, voda, ritem, skupnost, <\/strong><br><strong>potilnica, dih, predniki, <\/strong><br><strong>zemlja, \u017eerjavica, <\/strong><br><strong>gora, navdih, <\/strong><br><strong>zavest<\/strong><br><br><a href=\"http:\/\/www.severinkroj.com\/?page_id=1654\" target=\"_blank\" rel=\"noreferrer noopener\">(TUKAJ in \u010disto spodaj je zapisan SEZNAM aktivnosti)<\/a> <\/p>\n\n\n\n<figure class=\"wp-block-image size-full\"><img loading=\"lazy\" decoding=\"async\" width=\"3840\" height=\"5760\" src=\"http:\/\/www.severinkroj.com\/wp-content\/uploads\/2024\/08\/Camp_Corenina_2024_175.jpg\" alt=\"\" class=\"wp-image-1648\"\/><\/figure>\n\n\n\n<p class=\"has-text-align-center has-text-color has-link-color wp-elements-b976dbb1a34ab3bd9351707cc0ea69b9\" style=\"color:#9b0000\"><strong>STOPI IZ SVOJIH (varnih) CON UDOBJA v cono udobja NARAVE. <\/strong><\/p>\n\n\n\n<p>Divja narava je poskrbela, da sem si v \u017eivljenju ve\u010dkrat postavil konkretne izzive, ki so me, po tem, ko sem jih premostil, postavili na nek nov nivo zavedanja, razmi\u0161ljanja, delovanja. Zdaj lahko temu re\u010dem &#8220;rast&#8221; s pomo\u010djo izku\u0161enj. <strong>Za nas mo\u0161ke, da se nekam premaknemo, mora biti dejanje prebojno, mora biti rahlo neprijetno, na trenutke naporno, da nas zbeza ven iz cone udobja.<\/strong> Ko pridemo nazaj, nismo ve\u010d isti. Nikoli ve\u010d \ud83d\ude42 Vedno v bolj\u0161i ko\u017ei, izvedbi in verziji. <\/p>\n\n\n\n<p class=\"has-vivid-cyan-blue-color has-text-color has-link-color wp-elements-ad95dd4ad8bb867338ba2538b6393cbb\"><em>Zavedamo se vpliva skupnih obrednih prehodov, kjer smo lahko tako prisotna sr\u010dna podpora, kot prejemnik podpore. <strong>Celota je zaklju\u010dena in na\u0161e skupno bitje je \u017eivo. <\/strong>Zavedamo se vpliva individualnih poglobljenih izku\u0161enj, kjer vsak sam najbolje ve, kaj je prav in kaj ne. Zavedamo se vpliva vsake skrbno izbrane izku\u0161nje in besed, ki jo pobarvajo. Zavedamo se sebe in celotnega svojega vpliva na svet.<\/em><\/p>\n\n\n\n<p class=\"has-text-align-center has-text-color has-link-color has-medium-font-size wp-elements-08fde682f11213801f4eec291c7b0bd6\" style=\"color:#029d64\"><strong>Za \u00bbodrastle\u00ab fante in mo\u0161ke<\/strong><br><strong>na poti razvoja do samosvojosti &nbsp;<\/strong><br><strong>Obredi prehoda <\/strong><br><strong>s pomo\u010djo stika <\/strong><br><strong>z naravnimi elementi.<\/strong><\/p>\n\n\n\n<p class=\"has-text-align-center has-text-color has-link-color wp-elements-927e2b71a282eb485fff9c6c834dc38f\" style=\"color:#8f0000\"><strong><a href=\"http:\/\/www.severinkroj.com\/?page_id=1654\" target=\"_blank\" rel=\"noreferrer noopener\">(TUKAJ in spodaj je zapisan seznam aktivnosti) <\/a><\/strong><\/p>\n\n\n\n<p>Odpiram vrata v prostor, kjer se lahko popolnoma utelesi\u0161, prepozna\u0161 svoje \u0161ibkosti, se osvobodi\u0161 starih okov, spozna\u0161 svojo podporo (mama, o\u010de, dru\u017eina, dru\u017eba, narava, \u2026 ), do\u017eivi\u0161 od kje prihaja tvoja mo\u010d, preko stika z elementi stopi\u0161 v tesno komunikacijo s stvarstvom, prepozna\u0161 svojo pot, stopi\u0161 na svojo pot, \u017eivi\u0161 svojo pot, utele\u0161a\u0161 svoje poslanstvo, \u017eivi\u0161 tu, za-res.<\/p>\n\n\n\n<p><em>Dajem prilo\u017enost za vstop v nove sfere bivanja, s pomo\u010djo preprostih, vendarle nevsakdanjih preobrazbenih izku\u0161enj, ki so delno tudi zapu\u0161\u010dina na\u0161ih prednikov iz njihovih obredov prehoda.<\/em><\/p>\n\n\n\n<p>V stiku z dihom, s hladom vode, s toploto ognja, z lakoto in \u017eejo, z nogami trdno na zemlji, v zavedanju svoje svete prisotnosti, v trenutku, v miru. V odmiku od prenasi\u010denosti s hrano, od povr\u0161inskih informacij in od zastarelih idej o nas samih in o \u017eivljenju, o obstoju. V mehkem dovoljevanju ve\u010djega pretoka \u017eivosti, zavesti, inspiracije. <br><strong>V dovoljujo\u010di odprtosti do \u017eivljenja in v zavestnem delovanju. <\/strong><\/p>\n\n\n\n<p class=\"has-vivid-cyan-blue-color has-text-color has-link-color wp-elements-4543add33a1a168b0dc5bc3aa0eadb2c\"><em>Mo\u0161ki, fantki, sinovi, bratje, fotri, zreli, nezreli, mladi, stari, razviti, nerazviti, spe\u010di, zbujeni, \u2026 imamo (za razliko od \u017eenskih krogov) zelo intenzivna, misti\u010dna \u00a0in aktivna sre\u010danja, kjer se zgodi mnogo stvari, ki spremenijo zorne kote gledanja in prinesejo spremembe v ob\u010dutku, zaradi storjenih akcij<\/em>, zaradi prehojenih korakov in do\u017eivetih izku\u0161enj. <br><em><strong>Osnova za spremembe temelji na druga\u010dnem delovanju, ki je prvi dokaz za spremembo. <\/strong><\/em><\/p>\n\n\n\n<p>Obrede prehoda sem sicer zasnoval na podlagi tega, kar \u017eivim, s \u010dimer imam pogosto stik. Del\u010dke sem po\u010dasi (po 20ih letih prakse) sestavil v celoto. Akcije so se po mnogih letih stkale v trdno platno. Vsaka izmed aktivnosti sama po sebi nudi mo\u017enost preobrazbe, \u0161e posebej \u010de je postavljena v pravo zaporedje z drugimi in v kontekst ne\u010desa \u0161ir\u0161ega, ki je v tem primeru<strong> skupnost in njena zdravilna mo\u010d<\/strong>. <\/p>\n\n\n\n<p>Sicer trenutna skupnost (pop-up), pa vendarle delujo\u010da (v istem trenutku tudi starodavna), u\u010di samo sebe delovanja, se spominja starih, znotraj zapisanih poti, raziskuje na lastnih izku\u0161njah, do\u017eivlja in pre\u017eivlja, doume in razume. <strong>Skupnost je \u017eivo bitje<\/strong>.<\/p>\n\n\n\n<p>Vse kar u\u010de\u010da se skupnost dojame, odnese domov in tam to \u017eivi naprej. To je tudi eden izmed ciljev. Dovoliti skupnosti, skupinam ljudi, ljudem, da do\u017eivijo druga\u010dno \u017eivljenje (ki je samo en ovinek naprej po cesti, po kateri nikoli ne gre\u0161, ker misli\u0161 da ve\u0161, kam pelje), zato da prepi\u0161emo neuporabne na\u010dine delovanja in <strong>se uskladimo na naravni red. <\/strong><\/p>\n\n\n\n<p class=\"has-text-align-center has-text-color has-link-color wp-elements-c331308c8b89d72458b52eb0ecacfb65\" style=\"color:#a60000\"><em>Kdo bo pred tema\u010dnostjo za\u0161\u010ditil sebe, dru\u017eino, dru\u017ebo, <strong>zdravje kme\u010dke pameti?<\/strong> <\/em><br><em>Kdo bo spremenil dru\u017ebene sisteme, da nam bodo slu\u017eili v najbolj\u0161e dobro? <\/em><br><em>Kdo bo spregledal skozi v\u0161ite iluzije strahu in zmede, za\u0161\u010ditil, kar je sveto? <\/em><br><em><strong>Kdo pozna sebe dovolj dobro<\/strong>, da ve kateremu duhu slu\u017ei, <\/em><br><em>v kaj verjame, se zaveda kaj ga podpira in kaj ne? <\/em><br><em>Kdo lahko u\u010dinkovito usmerja svojo energijo? <\/em><br>+-+-+-+-+-+-+-+-+-+-+-+-+-+-+-+-+-+-+-+-+<br><em>Kdo si sploh \u0161e upa kaj povedat, kaj izrazit, kaj spremenit? (pri sebi ali navzven)  <\/em><br><em>Kdo se zaveda svojih odvisnosti, \u0161ibkosti in svoje mo\u010di, sposobnosti? <\/em><br><em><strong>Kdo si ti? <\/strong>Kdo potrebuje pomo\u010d, podporo, lastno stabilnost? <\/em><br><em>Kdo rabi vero, upanje, zaupanje v \u017eivljenje? <\/em><br>+-+-+-+-+-+-+-+-+-+-+-+-+-+<br><em>Vse to smo mi, tako ali druga\u010de. <\/em><br><em>V doseganju lastne popolnosti <\/em><br><em>(skozi nepopolnost) <\/em><br><em>in v izku\u0161anju skupne sre\u010de.<\/em><\/p>\n\n\n\n<figure class=\"wp-block-image size-full\"><img loading=\"lazy\" decoding=\"async\" width=\"5760\" height=\"3840\" src=\"http:\/\/www.severinkroj.com\/wp-content\/uploads\/2024\/08\/Camp_Corenina_2024_127.jpg\" alt=\"\" class=\"wp-image-1647\"\/><\/figure>\n\n\n\n<p class=\"has-text-align-center has-text-color has-link-color has-large-font-size wp-elements-8782ce99f9d54c195f9d1ded149e79ad\" style=\"color:#9c0000\"><br><strong>AKCIJA<\/strong><\/p>\n\n\n\n<p>Elementi na\u0161ih aktivnosti temeljijo na izku\u0161njah, zato delam na tem, da bodo navodila natan\u010dna, jasna in kratka. \u017de sedaj prosim za zbranost, ker se le v njeni prisotnosti dolo\u010dene vsebine lahko u\u010dinkovito predajo naprej. Nekatere vsebine bom v razmislek poslal tudi v za\u010detnih navodilih, preprosto zato, da bo \u010dim ve\u010d \u010dasa za izku\u0161njo ter zato, da pridemo \u010dimbolj pripravljeni.<\/p>\n\n\n\n<p class=\"has-text-color has-link-color has-medium-font-size wp-elements-90ab072edab55f7f1243e6016ae196b6\" style=\"color:#8f0000\"><strong>1 gram prakse je ve\u010d vreden, kot 100 ton teorije, <\/strong><br><strong>zato bo v ospredju AKCIJA s prakti\u010dnimi aktivnostmi:<\/strong><\/p>\n\n\n\n<p><strong>DIH<\/strong> \u2013 izku\u0161nja stika s tvojo mo\u010djo, nemo\u010djo, stik z ambicijami in s prepu\u0161\u010danjem, predajanjem, stik s tvojo ve\u010dnostjo in ranljivostjo, stik in konkretna komunikacija z duhom preko dihalne prakse rebirthinga.<\/p>\n\n\n\n<p><strong>POTILNICA <\/strong>\u2013 stik z energijo prednikov, zaradi postavitve in namenov, z njihovimi blagoslovi, stik z blagoslovi sveta, o\u010di\u0161\u010denje in ponovno rojstvo, kako je lahko potilnica vesoljno potovanje v globine stvarstva<\/p>\n\n\n\n<p><strong>OGENJ<\/strong> \u2013 stik s transformativno mo\u010djo ognja, za\u017eig te\u017ee, bole\u010dine in nerazumevanja, priklic poguma, zaupanja in sprostitev v nove dimenzije med hojo po \u017eerjavici<\/p>\n\n\n\n<p><strong>ZBRANOST <\/strong>&#8211; zbran ves pogum, da si tukaj in zdaj, cel, prisoten, \u017eiv, v miru. Zbranost je temelj za vse aktivnosti, zbrala bo na kup vse izku\u0161nje. <\/p>\n\n\n\n<p><strong>NO\u010c<\/strong> \u2013 no\u010d ima svojo mo\u010d, sploh \u010de jo prebudi\u0161 v molitvi in prisotnosti, v hvale\u017enosti in stiku z ognjem, z na\u0161imi predniki, z na\u0161im svetim zdaj. <\/p>\n\n\n\n<p><strong>PSIHOMAGIJA<\/strong> \u2013 pomo\u010d inteligence, ki prihaja iz stika z naravnimi elementi in z njimi povezanimi akcijami pri rehabilitaciji po te\u017ekih potla\u010denih izku\u0161njah, predvsem pa pri pridobivanju novih izku\u0161enj, okvire katerih sami dolo\u010dimo. Osebni in skupinski pristopi do celjenja preko konkretnih izvr\u0161enih dejanj.<\/p>\n\n\n\n<p><strong>GORA<\/strong> \u2013 stik s sabo, s svojim ob\u010dutkom za \u017eivljenje, prilo\u017enost za globlji stik z naravo, z gozdom, s sveto goro, planoto Jelovica in do\u017eivljanje svojih vizij \u017eivljenja v njeni prisotnosti, na njeni ko\u017ei.<\/p>\n\n\n\n<p><strong>POST<\/strong> \u2013 kratkotrajen odmik od hrane in spanja bo poskrbel za tesnej\u0161i stik z najglobljimi ob\u010dutki, hkrati bo slu\u017eil tudi kot most med vsemi nivoji obstoja, sploh med do\u017eivljanjem vizije \u017eivljenja v gori.<\/p>\n\n\n\n<p><strong>MRZLA VODA<\/strong> \u2013 prvi stik s fizi\u010dnim svetom je preko hlada, zato imamo do njega tak\u0161en odpor. Zdravljenje na\u0161ih prihodov na ta svet, stik z nemirom, strahom pred smrtjo, minevanjem in s preto\u010dnostjo.<\/p>\n\n\n\n<p><strong>RITEM<\/strong> \u2013 ritem bobnov budi in kli\u010de v prisotnost, v zbranost, v naravnost.<\/p>\n\n\n\n<p><strong>SKUPNOST<\/strong> \u2013 klju\u010dna podpora prihaja iz skupnosti tabora, ki bo s svojo prisotnostjo in s svojimi akcijami podprla vsakega, ki se bo podal na misti\u010dno pot v sveto goro. Podprli se bomo tako pri skupinskih dejanjih, kot pri ustvarjanju skupnega prostora, uresni\u010devanju vizij, prepoznavanju novih idej in skupnih poslanstev.<\/p>\n\n\n\n<p><strong>Tabor bo postavljen pod Jelovico, <\/strong><br>je mo\u017enost postavitve lastnega \u0161otora, lahko tudi spanje v tipiju, ali ob ognju.<br>Hrana v petek in nedeljo bo rastlinskega izvora, skrbno pripravljena, da podkrepi.<\/p>\n\n\n\n<figure class=\"wp-block-image size-full\"><img loading=\"lazy\" decoding=\"async\" width=\"5760\" height=\"3840\" src=\"http:\/\/www.severinkroj.com\/wp-content\/uploads\/2024\/08\/Camp_Corenina_2024_193.jpg\" alt=\"\" class=\"wp-image-1646\"\/><\/figure>\n\n\n\n<p><br><strong>PRIJAVA in PRISPEVEK ZA IZMENJAVO<\/strong><\/p>\n\n\n\n<p>\u0160tevilo mest je omejenih, zaradi zagotavljanja kvalitetnih izku\u0161enj ter zaradi poglobljenega dela, ki ga \u010dlovek lahko opravi le v primernih okoli\u0161\u010dinah, ki jih krojimo tudi skrbno izbrani ljudje.<\/p>\n\n\n\n<p>Program po urah in vsa dodatna navodila prejme\u0161 ob prijavi.<br>Prijavi\u0161 se na zum.muc(at)gmail.com<\/p>\n\n\n\n<p>Prispevek za udele\u017ebo na Obredih prehoda je 300\u20ac<br>V kolikor se prijavi\u0161 do 15 septembra,  ti priznamo popust in je prispevek 250\u20ac<\/p>\n\n\n\n<p>V znesek je vklju\u010deno: program, drva za ogenj, hrana, spanje, podpora, prakti\u010dno darilo<\/p>\n\n\n\n<p>Za zagotovljeno mesto na Obredih Prehoda \u0161teje akontacija 100\u20ac na ra\u010dun dru\u0161tva MUC<br>SI56 6100 0002 2918 925 pri Delavski Hranilnici<br>Ostali znesek poravna\u0161 ob prihodu na licu mesta.<\/p>\n\n\n\n<p>V kolikor sre\u010danje odpovem, vrnem ves denar,<br>V kolikor po zagotovljeni prijavi odpove\u0161 svoje mesto, lahko nakazani znesek za \u010das enega leta uporabi\u0161 za katerekoli druge aktivnosti v organizaciji dru\u0161tva MUC, <strong><a href=\"http:\/\/www.severinkroj.com\/?page_id=521\">ki jih najde\u0161 na tej povezavi.<\/a><\/strong><\/p>\n\n\n\n<figure class=\"wp-block-image size-full\"><img loading=\"lazy\" decoding=\"async\" width=\"3840\" height=\"5760\" src=\"http:\/\/www.severinkroj.com\/wp-content\/uploads\/2024\/08\/Camp_Corenina_2024_178.jpg\" alt=\"\" class=\"wp-image-1645\"\/><\/figure>\n\n\n\n<p><br><strong>\u017dIGA BIRSA<\/strong><\/p>\n\n\n\n<p>Obrede Prehoda sem zasnoval podlagi lastnih izku\u0161enj (20+ let raziskovanja teh razse\u017enosti) in jih v celoto povezal po nizu do\u017eivetij avgusta 2024, ki so se mi pripetila v gozdovih Jelovice, med <a href=\"https:\/\/www.himalaya-rebirth.com\/sl\/2024\/03\/19\/prebudi-ustvarjalca-v-sebi\/\" target=\"_blank\" rel=\"noreferrer noopener\">Campom Corenina<\/a>. To\u010dno tam, kjer bo potekal dnevni stik z naravo in gozdom, zaradi tistih razodetij takrat, sedaj sploh to.<\/p>\n\n\n\n<p>\u010ce gledam od blizu na \u017eivljenje, kot na niz razdrobljenih mo\u010dnih izku\u0161enj, rabim na neki to\u010dki pogledat in videt iz daljave, da dojamem smisel, da se mi zlo\u017eijo ko\u0161\u010dki sestavljanke mojega \u017eivljenja. V tem dogodku se spet zlagajo, kot iniciacije prehodov iz enega stanja v drugega.<\/p>\n\n\n\n<p>Z rebirthingom se ukvarjam \u017ee od svojega 24 leta, vmes sem \u0161tudiral in poglabljal tudi marsikaj drugega, od realisti\u010dne gledali\u0161ke igre, \u017eivljenja na odru, do psihomagi\u010dnih dejanj, transformativne akcije, od permakulture, do skupinskih dinamik, od kurjenja ognja, do vodenja obredov in delavnic, od iskanja smisla v na\u0161em po\u010detju, do do\u017eivljanja smisla \u017eivljenja. Vse do\u017eiveto je v\u0161ito v vsak dogodek, ne more, da ne bi bilo. Rebirthing in globoke transformacije skozi Dramilo in Psihomagi\u010dna dejanja na tej povezavi: <a href=\"http:\/\/www.himalaya-rebirth.com\">www.himalaya-rebirth.com<\/a><\/p>\n\n\n\n<p>Sem zastopnik dru\u0161tva MUC \u2013 moj ustvarjalni center. Ukvarjamo se s ponovno uporabo zavr\u017eenih stvari, s prakti\u010dno ekologijo, s pou\u010devanjem glasbe in naravnih na\u010dinov, z do\u017eivljanjem svetosti skozi zvok in prisotnost, z zvo\u010dnimi kulisami in z organizacijo raznih dogodkov, v skladu z na\u010deli \u00bbeno\u00ab. Urnik na\u0161ih dogodkov je objavljen tukaj: <a href=\"http:\/\/www.severinkroj.com\">www.severinkroj.com<\/a><\/p>\n\n\n\n<p>Sem soustanovitelj in zastopnik skupnosti ENO (<a href=\"http:\/\/www.vse-eno.si\">www.vse-eno.si<\/a>), kjer smo v na\u0161o Sveto knjigo zapisali vsa pomembna vodila za sonaravno ustvarjanje in \u017eivljenje. Vsebina te knjige je filozofska osnova za celotno moje poslanstvo in delovanje v skladu z naravnimi na\u010deli, v dru\u017ebi in v naravi. <\/p>\n\n\n\n<p>Dolo\u010dene skupinske aktivnosti na obredih prehoda bom vodil sam, nekaj njih pa tudi ob podpori mojih zanesljivih bratov.<\/p>\n\n\n\n<figure class=\"wp-block-image size-full\"><img loading=\"lazy\" decoding=\"async\" width=\"1286\" height=\"857\" src=\"http:\/\/www.severinkroj.com\/wp-content\/uploads\/2024\/08\/Shamanika-kreativa.jpg\" alt=\"\" class=\"wp-image-1643\"\/><\/figure>\n","protected":false},"excerpt":{"rendered":"<p>MO\u0160KI OBREDI PREHODAbli\u017eina Radovljice, 3.4. in 5. oktober 2025vikend tabor za mo\u0161ke preboje ogenj, voda, ritem, skupnost, potilnica, dih, predniki, zemlja, \u017eerjavica, gora, navdih, zavest (TUKAJ in \u010disto spodaj je zapisan SEZNAM aktivnosti) STOPI IZ SVOJIH (varnih) CON UDOBJA v cono udobja NARAVE. Divja narava je poskrbela, da sem si v \u017eivljenju ve\u010dkrat postavil konkretne &hellip; <\/p>\n<p class=\"link-more\"><a href=\"http:\/\/www.severinkroj.com\/?page_id=1636\" class=\"more-link\">Preberi ve\u010d<span class=\"screen-reader-text\"> &#8220;MO\u0160KI OBREDI PREHODA&#8221;<\/span><\/a><\/p>\n","protected":false},"author":2,"featured_media":0,"parent":0,"menu_order":0,"comment_status":"closed","ping_status":"closed","template":"","meta":{"footnotes":""},"class_list":["post-1636","page","type-page","status-publish","hentry"],"_links":{"self":[{"href":"http:\/\/www.severinkroj.com\/index.php?rest_route=\/wp\/v2\/pages\/1636","targetHints":{"allow":["GET"]}}],"collection":[{"href":"http:\/\/www.severinkroj.com\/index.php?rest_route=\/wp\/v2\/pages"}],"about":[{"href":"http:\/\/www.severinkroj.com\/index.php?rest_route=\/wp\/v2\/types\/page"}],"author":[{"embeddable":true,"href":"http:\/\/www.severinkroj.com\/index.php?rest_route=\/wp\/v2\/users\/2"}],"replies":[{"embeddable":true,"href":"http:\/\/www.severinkroj.com\/index.php?rest_route=%2Fwp%2Fv2%2Fcomments&post=1636"}],"version-history":[{"count":18,"href":"http:\/\/www.severinkroj.com\/index.php?rest_route=\/wp\/v2\/pages\/1636\/revisions"}],"predecessor-version":[{"id":2114,"href":"http:\/\/www.severinkroj.com\/index.php?rest_route=\/wp\/v2\/pages\/1636\/revisions\/2114"}],"wp:attachment":[{"href":"http:\/\/www.severinkroj.com\/index.php?rest_route=%2Fwp%2Fv2%2Fmedia&parent=1636"}],"curies":[{"name":"wp","href":"https:\/\/api.w.org\/{rel}","templated":true}]}}