{"id":1247,"date":"2023-11-14T15:44:39","date_gmt":"2023-11-14T15:44:39","guid":{"rendered":"http:\/\/www.severinkroj.com\/?page_id=1247"},"modified":"2023-12-12T12:38:15","modified_gmt":"2023-12-12T12:38:15","slug":"krog-zive-narave","status":"publish","type":"page","link":"http:\/\/www.severinkroj.com\/?page_id=1247","title":{"rendered":"Krog \u017dive Narave"},"content":{"rendered":"\n<p><a rel=\"noreferrer noopener\" href=\"http:\/\/www.severinkroj.com\/?page_id=521\" target=\"_blank\">URNIK VSEH DOGODKOV<\/a><\/p>\n\n\n\n<p class=\"has-vivid-purple-color has-text-color\"><strong>Ljudje smo povezani z vsem, kar obstaja. <\/strong><br>Vse to se tudi izra\u017ea skozi nas, tako ali druga\u010de. <br>S pomo\u010djo diha, zvoka in giba se lahko poglobimo vase, <br>se spoznamo in se umirimo. V lahkotnosti bivanja in soustvarjanja. <\/p>\n\n\n\n<p class=\"has-text-color\" style=\"color:#32b634\"><strong>DIH &#8211; RITEM &#8211; ZVOK &#8211; GIB &#8211; \u017dIVLJENJE <\/strong><\/p>\n\n\n\n<p class=\"has-text-color has-large-font-size\" style=\"color:#dba81d\"><strong>KROG \u017dIVE NARAVE<\/strong><\/p>\n\n\n\n<p class=\"has-white-color has-text-color has-background\" style=\"background-color:#c79814\">Odpiram <strong>prostor za sprostitev, za svoboden izraz, za soustvarjanje<\/strong> z vsem, kar smo, <br>z vsem kar znamo, ali ne znamo, zmoremo, ne zmoremo. Naj se, pred na\u0161imi o\u010dmi, <br>v na\u0161em prostoru, v nas, skozi nas, tako na zunaj, kot navznoter, ustvari harmonija. <br>Za vse ljudi v na\u0161em krogu, za celotno stvarstvo. <\/p>\n\n\n\n<p class=\"has-vivid-purple-color has-text-color\">Naj bo telo preto\u010dno, lahkotno, naj bo um v miru, <br>naj bo srce odprto in posko\u010dno, naj bo jok in smeh, <br>naj bo navdih za sre\u010do, naj bodo barve \u017eivljenja. <\/p>\n\n\n\n<p class=\"has-text-color\" style=\"color:#a7a024\"><strong>Dobrodo\u0161li dobronamerni ljudje od vetrov iz vseh smeri neba, <\/strong><br>\u010de ima\u0161 kak\u0161en preprost in\u0161trument in<span style=\"text-decoration: underline;\"> zna\u0161 igrati na njega, <\/span> <br>(\u0161amanski boben, djemba, ropotulja, didgeridoo, pal\u010dke, &#8230; )<br>ga prosim prinesi s sabo.<\/p>\n\n\n\n<p class=\"has-vivid-purple-color has-text-color\">Namen dogodka je, da se s pomo\u010djo skupne glasbe, navdahnjene v danem trenutku<br>sprostimo, kolikor je to le mogo\u010de, da se prepustimo skupinskemu toku, zvoku, ritmu, bivanju, <br>ter da ves ta kaos in vso to lepoto tudi do\u017eivimo, iz\u017eivimo skozi celotno na\u0161e bitje. <br><strong>Namen dogodka je dojeti in do\u017eiveti MIR v sebi. <\/strong><\/p>\n\n\n\n<p class=\"has-white-color has-text-color has-background\" style=\"background-color:#1ba975\">S petjem in plesom bomo v sebi in v svetu skupaj ustvarili novo sliko, nov krog,<br>odtis nove (starodavne) vrste bivanja, zdravilne skupnosti, harmonije, miru med ljudmi, <br>zaradi miru, ki ga vsak goji in do\u017eivlja navznoter. Po vzoru na\u0161ih prednikov, tudi iz drugih kultur. <br>Ve\u010d takih odtisov bomo ustvarili, prej bomo za vedno obkro\u017eeni z njimi. <\/p>\n\n\n\n<p class=\"has-text-color\" style=\"color:#ab630b\">Znanje igranja in\u0161trumentov ali petja sploh ni pogoj za udele\u017ebo v krogu, <br>predvsem dobrodo\u0161li ljudje, ki imate na podro\u010dju izra\u017eanja tudi izzive, <br>ki jih boste lahko kon\u010dno sprostili, nakopi\u010dena energija se bo razporedila, <br>igrali bomo preproste in\u0161trumente, ki s katerimi bomo lahko suvereno spremljali <br>na\u0161e zvo\u010dno soustvarjanje.  <\/p>\n\n\n\n<figure class=\"wp-block-image size-large is-resized is-style-rounded\"><img loading=\"lazy\" decoding=\"async\" src=\"http:\/\/www.severinkroj.com\/wp-content\/uploads\/2023\/12\/ziga-birsa-nova.jpg\" alt=\"\" class=\"wp-image-1324\" width=\"315\" height=\"420\"\/><\/figure>\n\n\n\n<p><\/p>\n\n\n\n<p><strong>Krog vodim \u017diga<\/strong><br>O nastanku tega kroga bi lahko napisal knjigo, ampak mi je bolj pomembno, da ljudje vso vsebino, o kateri bi lahko ure in ure mentalno razglabljali, ZA\u010cUTIJO skozi sebe. Tako vsak tudi dobi to\u010dno to, kar potrebuje. Zato res kratek zapis o zgodovini tega kroga in njegovega ozadja: <\/p>\n\n\n\n<p><em>Krog \u017dive Narave je moje \u017eivljenjsko delo. Prvi\u010d sem pri\u0161el v stik z &#8220;zdravilnim&#8221; krogom preko terapevtskega bobnarskega kroga, ki sem ga do\u017eivel v Avstriji 2004. Od takrat naprej sem veliko \u010dasa namenil raziskovanju podro\u010dij zvoka in ritma, predvsem preko raznih glasbenih, zvo\u010dnih projektov, dela v glasbenem studiu, eksperimentov, delavnic, izobra\u017eevanj in raznih krogov doma in v tujini. <\/em><\/p>\n\n\n\n<p>KROG in PRASPOMIN<br><em>Koordiniram bobnarske kroge, ki nam odpirajo prostor, da smo lahko to, kar smo, da se sprostimo, da se tudi kak\u0161ne rane zacelijo, in da se hkrati urimo v ubranem ritmi\u010dnem (in zvo\u010dnem) soustvarjanju. Ritem in zvok delujeta onkraj na\u0161ega razuma, \u010dasa in prostora. Ritem in zvok sta sestavine iz pradavnine. Od leta 2004 se ukvarjam tudi z dihalnim pristopom &#8220;rebirthing&#8221; in ta dva svetova (dih in ritem) zdru\u017eujem v svojih krogih, predvsem pa v Krogu \u017dive Narave, ki je nadgradnja vseh mojih prej\u0161njih izku\u0161enj iz &#8220;krogov&#8221; (taborni\u0161kih, bobnarskih, indijanskih, glasbenih, zvo\u010dnih, dihalnih, zdravilnih, polnolunarnih, ognjenih &#8230;) Krog je celota, ki deluje za nas, za na\u0161o enost. V krogu smo videni, cenjeni, spo\u0161tovani, sprejeti. V krogu smo vsi enakopravni. <\/em><\/p>\n\n\n\n<p>DIH, NAMERA in BIVANJE<br><em>Dih je osnova za vse, za ritem, za glas, za gib, \u017eivljenje samo. Brez diha nas ni in ker dihamo, smo. TU! Ta &#8220;smo tu&#8221; se sli\u0161i, \u010duti, se dojema, zaznava. Ko smo res TU. Ko se z dihom napolnimo, smo navdahnjeni, zato sledi zvo\u010dni izraz tega navdiha, glas, gib in vse, kar sodi v to polje, v ta trenutek, med te ljudi, v ta prostor, v ta krog. Z jasnim namenom, da krog deluje v najvi\u0161je dobro vseh nas in vsega, kar obstaja. Zato je to Krog \u017dive Narave. <\/em><\/p>\n\n\n\n<p>SVETOST<br><em>Med k0r0nsko blaznostjo smo s prijatelji ustanovili <a href=\"https:\/\/www.vse-eno.si\/\" target=\"_blank\" rel=\"noreferrer noopener\">Versko skupnost ENO<\/a>. Namen skupnosti je ponuditi \u010dloveku to, kar mu v tem svetu manjka &#8211; stik z naravo, s sabo, s skupnostjo in z (nam vsem skupno) enostjo, celostjo. Za filozofsko podlago smo spisali Sveto Knjigo ENO v katero smo med drugimi napisali: &#8220;Celotno \u010dlove\u0161tvo je ena dru\u017eina, skupnost; DIH JE MOJA MOLITEV; gibanje je moja molitev; ZVOK IN TI\u0160INA sta moja molitev. Bivanje v svetu je sveto, &#8230;.&#8221;  Zato je Krog \u017dive Narave pre\u017eet z na\u0161o lastno svetostjo, kajti osvobajanje od iluzij ni ve\u010d iluzija. <\/em><\/p>\n\n\n\n<p><em>Hvala vsem ljudem in mojstrom, ki so me (vede ali nevede) podprli na tej poti. <\/em><\/p>\n\n\n\n<p><a rel=\"noreferrer noopener\" href=\"http:\/\/www.severinkroj.com\/?page_id=521\" target=\"_blank\">URNIK VSEH DOGODKOV<\/a><\/p>\n","protected":false},"excerpt":{"rendered":"<p>URNIK VSEH DOGODKOV Ljudje smo povezani z vsem, kar obstaja. Vse to se tudi izra\u017ea skozi nas, tako ali druga\u010de. S pomo\u010djo diha, zvoka in giba se lahko poglobimo vase, se spoznamo in se umirimo. V lahkotnosti bivanja in soustvarjanja. DIH &#8211; RITEM &#8211; ZVOK &#8211; GIB &#8211; \u017dIVLJENJE KROG \u017dIVE NARAVE Odpiram prostor za &hellip; <\/p>\n<p class=\"link-more\"><a href=\"http:\/\/www.severinkroj.com\/?page_id=1247\" class=\"more-link\">Preberi ve\u010d<span class=\"screen-reader-text\"> &#8220;Krog \u017dive Narave&#8221;<\/span><\/a><\/p>\n","protected":false},"author":2,"featured_media":0,"parent":0,"menu_order":0,"comment_status":"closed","ping_status":"closed","template":"","meta":{"footnotes":""},"class_list":["post-1247","page","type-page","status-publish","hentry"],"_links":{"self":[{"href":"http:\/\/www.severinkroj.com\/index.php?rest_route=\/wp\/v2\/pages\/1247","targetHints":{"allow":["GET"]}}],"collection":[{"href":"http:\/\/www.severinkroj.com\/index.php?rest_route=\/wp\/v2\/pages"}],"about":[{"href":"http:\/\/www.severinkroj.com\/index.php?rest_route=\/wp\/v2\/types\/page"}],"author":[{"embeddable":true,"href":"http:\/\/www.severinkroj.com\/index.php?rest_route=\/wp\/v2\/users\/2"}],"replies":[{"embeddable":true,"href":"http:\/\/www.severinkroj.com\/index.php?rest_route=%2Fwp%2Fv2%2Fcomments&post=1247"}],"version-history":[{"count":12,"href":"http:\/\/www.severinkroj.com\/index.php?rest_route=\/wp\/v2\/pages\/1247\/revisions"}],"predecessor-version":[{"id":1337,"href":"http:\/\/www.severinkroj.com\/index.php?rest_route=\/wp\/v2\/pages\/1247\/revisions\/1337"}],"wp:attachment":[{"href":"http:\/\/www.severinkroj.com\/index.php?rest_route=%2Fwp%2Fv2%2Fmedia&parent=1247"}],"curies":[{"name":"wp","href":"https:\/\/api.w.org\/{rel}","templated":true}]}}