{"id":1218,"date":"2023-11-05T18:20:24","date_gmt":"2023-11-05T18:20:24","guid":{"rendered":"http:\/\/www.severinkroj.com\/?page_id=1218"},"modified":"2024-10-02T12:44:12","modified_gmt":"2024-10-02T12:44:12","slug":"ziva-glasba-za-tvoj-rahli-ples","status":"publish","type":"page","link":"http:\/\/www.severinkroj.com\/?page_id=1218","title":{"rendered":"RAZ-GIBANICA"},"content":{"rendered":"\n<p class=\"has-vivid-red-color has-text-color\"><strong>&#8220;\u017diva glasba za tvoj rahli ples&#8221;<\/strong><br>Performed by <strong><a href=\"http:\/\/www.vrach.si\" data-type=\"link\" data-id=\"www.vrach.si\" target=\"_blank\" rel=\"noreferrer noopener\">VRACH<\/a><\/strong><\/p>\n\n\n\n<p><a rel=\"noreferrer noopener\" href=\"http:\/\/www.severinkroj.com\/?page_id=521\" target=\"_blank\">URNIK VSEH DOGODKOV<\/a><\/p>\n\n\n\n<p class=\"has-vivid-green-cyan-color has-text-color\"><strong>Najbolj svobodna oblika sprostitve = tvoj naraven gib<\/strong>, <strong>ples<\/strong>.<br>Odpri se, sprosti se, razgibaj se, ple\u0161i, poj, \u017eivi svobodno. <br><strong>Najbolj\u0161i plesni koncept je \u017eivljenje s\u00e1mo<\/strong>. Zaupam. <\/p>\n\n\n\n<figure class=\"wp-block-image size-full\"><img loading=\"lazy\" decoding=\"async\" width=\"1181\" height=\"1181\" src=\"http:\/\/www.severinkroj.com\/wp-content\/uploads\/2024\/09\/vrach-logo-NET.jpg\" alt=\"\" class=\"wp-image-1667\"\/><\/figure>\n\n\n\n<p class=\"has-vivid-green-cyan-color has-text-color\">Glasba je razlog, da se premaknemo <strong>iz ene noge na drugo<\/strong>, <br>v\u010dasih<strong> iz ene realnosti v drugo<\/strong>. Naj bo tako in naj nam bo v podporo. <\/p>\n\n\n\n<p>Odpiram varen prostor za to, da <strong>se lahko vsak \u010dlovek izrazi<\/strong> v prostoru in \u010dasu, <br><strong>s telesom in glasom<\/strong> (oz. kakorkoli mu ustreza), v najvi\u0161je dobro vsega, kar je. <br>Dobrodo\u0161li ste ljudje iz vseh smeri neba. Brez predsodkov.<\/p>\n\n\n\n<p><strong>Ker smo \u017eivi<\/strong> in ker je \u017eivljenje preve\u010d pestro, da bi se ljudje zapirali v okvire, <br>smo obdarjeni tudi z <strong>glasbo, ki \u017eivi skupaj z nami <\/strong>v sedanjem trenutku, nas osvobaja, <br>ki nastaja takrat, ko smo &#8220;tu&#8221; in nas podpre v na\u0161em izrazu, &#8220;zdaj&#8221;, <br>kjer <strong>se lahko ob njej izra\u017eamo<\/strong> s telesom oz. soustvarjamo skupinsko vzdu\u0161je. <\/p>\n\n\n\n<p class=\"has-vivid-purple-color has-text-color\"><strong><a rel=\"noreferrer noopener\" href=\"https:\/\/youtu.be\/q4mP0PH_RyA\" target=\"_blank\">Poglej kratko video predstavitev so-avtorja dogodka<\/a><\/strong> &lt;&#8212;-klik<\/p>\n\n\n\n<figure class=\"wp-block-image size-large is-resized\"><img loading=\"lazy\" decoding=\"async\" width=\"3968\" height=\"2976\" src=\"http:\/\/www.severinkroj.com\/wp-content\/uploads\/2023\/12\/IMG_20231118_165934.jpg\" alt=\"\" class=\"wp-image-1329\" style=\"width:306px;height:230px\"\/><\/figure>\n\n\n\n<p class=\"has-vivid-green-cyan-color has-text-color\">Ustvarjanje v glasbenem studiu je zame, za nas obrodilo sadove, <br>ki se ka\u017eejo v obliki \u017eive glasbe, ki <strong>nastaja na licu mesta<\/strong> &#8211; vsaki\u010d s posebnim namenom. <br>Nimamo vnaprej pripravljenih matric, ritmov, konceptov ali pesmi, imam samo zaupanje v to, <br>da sli\u0161imo, \u010dutimo in vemo, da bo <strong>v skladu s celoto. <\/strong>Kot je vedno. <br>Ve\u010dinoma vse uspe, napake so del \u017eivljenja. <br>20 let izku\u0161enj v glasbi opravi svoje delo. <\/p>\n\n\n\n<p class=\"has-vivid-green-cyan-color has-text-color\">Zvo\u010dno sliko trenutka (poleg nesli\u0161nega) krojijo<br><strong>neparni ritmi iz celega sveta, zvoki akusti\u010dnih in\u0161trumentov vseh frekven\u010dnih spektrov, <\/strong><br>ki se s pomo\u010djo snemanja in predvajanja prepletajo v orkester trenutka: <br><strong>(bas kitara in brenkala, lesene flavte, razli\u010dna tolkala, did\u017eiridu, <br>vokali, \u017evi\u017egi in vse ostalo, kar pa\u0161e v moment). <\/strong><\/p>\n\n\n\n<p class=\"has-vivid-purple-color has-text-color\"><strong><a rel=\"noreferrer noopener\" href=\"https:\/\/youtu.be\/iItPJOVjJk0\" target=\"_blank\">Poslu\u0161aj pesem, ki je nastala na tak na\u010din, posneta v \u017eivo<\/a><\/strong>, v trenutku nastanka. <strong> <\/strong><\/p>\n\n\n\n<p><strong>Prostor je poln navdiha in zagona za razcvet \u017eivljenja.<\/strong><br>Iz tega prostora se napajamo vsi, ki smo \u017eeleli dostopati do njega. <\/p>\n\n\n\n<p>V zvok <strong>se vklju\u010duje\u0161 tudi ti <\/strong>s tvojo prisotnostjo in pristnostjo, <br>s tvojim gibom, s tvojim dihom, glasom, s tvojim izrazom, z vsem, kar si. <br>Vsak \u010dlovek je svoj in\u0161trument v tem orkestru. <\/p>\n\n\n\n<p>Dogodek traja najmanj dve uri (ali pa celo no\u010d)<br>in je <strong>primeren za vse ljudi<\/strong>, vseh starosti in nazorov. <br>\u0160tevilo mest je omejeno na toliko, kolikor nas prenese prostor. <br>Naj bo skladno.  <\/p>\n\n\n\n<p class=\"has-vivid-purple-color has-text-color\"><strong>Pridi se razgibat, pridi izkusit zvok, ritem in ti\u0161ino, pridi bivat v gibanju in pri miru, v miru.<br>Pridi, ker \u010duti\u0161 klic, ker te kli\u010de duh \u017eivljenja, na soo\u010denje s tvojo lastno veli\u010dino. <\/strong><\/p>\n\n\n\n<p><strong>Informacijo o lokaciji dogodka, izmenjavi, itd <br>dobi\u0161 ob prijavi na: <\/strong><a href=\"zum.muc@gmail.com\" target=\"_blank\" rel=\"noreferrer noopener\">zum.muc@gmail.com<\/a><\/p>\n\n\n\n<p class=\"has-vivid-green-cyan-color has-text-color\"><strong>VRACH<\/strong><\/p>\n\n\n\n<figure class=\"wp-block-image size-full\"><img loading=\"lazy\" decoding=\"async\" width=\"1000\" height=\"500\" src=\"http:\/\/www.severinkroj.com\/wp-content\/uploads\/2024\/09\/VRACH-fb-net-ok.jpg\" alt=\"\" class=\"wp-image-1664\"\/><\/figure>\n\n\n\n<p class=\"has-vivid-green-cyan-color has-text-color\"><em style=\"font-weight: bold;\">Dogodek \u017diva Glasba za tvoj Rahli Ples <strong>je podprt z \u017eivljenjem<\/strong>, <br><\/em><em>z \u017eivo glasbo (skupaj s tabo in celotnim stvarstvom) <\/em><strong><em>soustvarjamo <\/em><\/strong><br><strong>MAGU IKA, BRIX in RETROBADUR, <\/strong>s skupnim nazivom <strong><a href=\"http:\/\/www.vrach.si\" target=\"_blank\" rel=\"noreferrer noopener\">VRACH<\/a><\/strong>. <br>Namenjen je pretoku starodavnih zvo\u010dnih in ritmi\u010dnih informacij. <br>Trenutno smo pred izdajo prvega avtorskega albuma. <\/p>\n\n\n\n<p><strong>Informacijo o lokaciji dogodka, izmenjavi, itd <br>dobi\u0161 ob prijavi na: <\/strong><a rel=\"noreferrer noopener\" href=\"zum.muc@gmail.com\" target=\"_blank\">zum.muc@gmail.com<\/a><\/p>\n\n\n\n<figure class=\"wp-block-image size-large is-resized is-style-rounded\"><img loading=\"lazy\" decoding=\"async\" width=\"3000\" height=\"4000\" src=\"http:\/\/www.severinkroj.com\/wp-content\/uploads\/2023\/11\/Ziga-manjsa.jpg\" alt=\"\" class=\"wp-image-1245\" style=\"width:295px;height:393px\"\/><\/figure>\n\n\n\n<p>Dobrodo\u0161li!<\/p>\n\n\n\n<p><a rel=\"noreferrer noopener\" href=\"http:\/\/www.severinkroj.com\/?page_id=521\" target=\"_blank\">URNIK VSEH DOGODKOV<\/a><\/p>\n","protected":false},"excerpt":{"rendered":"<p>&#8220;\u017diva glasba za tvoj rahli ples&#8221;Performed by VRACH URNIK VSEH DOGODKOV Najbolj svobodna oblika sprostitve = tvoj naraven gib, ples.Odpri se, sprosti se, razgibaj se, ple\u0161i, poj, \u017eivi svobodno. Najbolj\u0161i plesni koncept je \u017eivljenje s\u00e1mo. Zaupam. Glasba je razlog, da se premaknemo iz ene noge na drugo, v\u010dasih iz ene realnosti v drugo. Naj bo &hellip; <\/p>\n<p class=\"link-more\"><a href=\"http:\/\/www.severinkroj.com\/?page_id=1218\" class=\"more-link\">Preberi ve\u010d<span class=\"screen-reader-text\"> &#8220;RAZ-GIBANICA&#8221;<\/span><\/a><\/p>\n","protected":false},"author":2,"featured_media":0,"parent":0,"menu_order":0,"comment_status":"closed","ping_status":"closed","template":"","meta":{"footnotes":""},"class_list":["post-1218","page","type-page","status-publish","hentry"],"_links":{"self":[{"href":"http:\/\/www.severinkroj.com\/index.php?rest_route=\/wp\/v2\/pages\/1218","targetHints":{"allow":["GET"]}}],"collection":[{"href":"http:\/\/www.severinkroj.com\/index.php?rest_route=\/wp\/v2\/pages"}],"about":[{"href":"http:\/\/www.severinkroj.com\/index.php?rest_route=\/wp\/v2\/types\/page"}],"author":[{"embeddable":true,"href":"http:\/\/www.severinkroj.com\/index.php?rest_route=\/wp\/v2\/users\/2"}],"replies":[{"embeddable":true,"href":"http:\/\/www.severinkroj.com\/index.php?rest_route=%2Fwp%2Fv2%2Fcomments&post=1218"}],"version-history":[{"count":26,"href":"http:\/\/www.severinkroj.com\/index.php?rest_route=\/wp\/v2\/pages\/1218\/revisions"}],"predecessor-version":[{"id":1706,"href":"http:\/\/www.severinkroj.com\/index.php?rest_route=\/wp\/v2\/pages\/1218\/revisions\/1706"}],"wp:attachment":[{"href":"http:\/\/www.severinkroj.com\/index.php?rest_route=%2Fwp%2Fv2%2Fmedia&parent=1218"}],"curies":[{"name":"wp","href":"https:\/\/api.w.org\/{rel}","templated":true}]}}