{"id":1026,"date":"2023-03-23T13:34:19","date_gmt":"2023-03-23T13:34:19","guid":{"rendered":"http:\/\/www.severinkroj.com\/?page_id=1026"},"modified":"2023-03-25T11:35:43","modified_gmt":"2023-03-25T11:35:43","slug":"krog-samospoznanja-in-novih-poti","status":"publish","type":"page","link":"http:\/\/www.severinkroj.com\/?page_id=1026","title":{"rendered":"Krog Samospoznanja in Novih Poti"},"content":{"rendered":"\n<p class=\"has-black-color has-text-color\"><a rel=\"noreferrer noopener\" href=\"http:\/\/www.severinkroj.com\/?page_id=521\" target=\"_blank\">URNIK VSEH DOGODKOV<\/a><\/p>\n\n\n\n<p class=\"has-vivid-red-color has-text-color has-medium-font-size\"><strong>Krog Samospoznanja in Novih Poti<\/strong> <\/p>\n\n\n\n<ul class=\"has-vivid-purple-color has-text-color wp-block-list\"><li>Namenjen je spro\u0161\u010danju vsakr\u0161nih napetosti, s pomo\u010djo diha, giba, glasu, &#8230;. <\/li><li>Namenjen je gojenju in poglabljanju stika z elementi narave, s ti\u0161ino, z lastnim glasom. <\/li><li>Namenjen je spoznanju sebe skozi druge (ubuntu), uravnove\u0161anju na\u0161e biti. <\/li><li>Namenjen je prakti\u010dni uporabi, svobodnemu izrazu in usmerjanju ustvarjalne energije. <\/li><li>Krog je namenjen naj\u0161ir\u0161emu spektru ljudi, sprejme vsakogar.<\/li><\/ul>\n\n\n\n<p>KROG traja 2 uri. Sprejme do 30 ljudi. <\/p>\n\n\n\n<p>Udele\u017eenci so oble\u010deni v udobna obla\u010dila in ubutev (oz. sezutev). <br>Potrebujejo samo vodo, ter podlogo za sedet oz. le\u017eat. <\/p>\n\n\n\n<p>Sredi\u0161\u010de kroga je ogenj. Krog je vedno zunaj, pod milim nebom. <br>Sestavljen je iz ve\u010d sklopov, ki so med seboj povezani v celoto.<\/p>\n\n\n\n<p class=\"has-vivid-red-color has-text-color\"><strong>Uporabljam kombinacije Namere, Ritma, Diha, Gibanja, Zvoka, &#8230;. <\/strong><\/p>\n\n\n\n<p class=\"has-text-color\" style=\"color:#956b08\">KROG SAMOSPOZNANJA IN NOVIH POTI je nastal <br>skozi izku\u0161nje vodenja bobnarskih krogov, skupinskih rebirthingov in drugih delavnic. <br>Je kombinacija prakti\u010dnih znanj, metod in pristopov, <br>ki prihajajo s podro\u010dij psihologije skupinske dinamike, <br>realisti\u010dne dramske igre, dihalnih praks, s preu\u010devanjem giba, ritma, glasbe in zvoka, &#8230;. <br>Oblikovan je na podlagi 20 &#8211; letnega raziskovalnega dela. <\/p>\n\n\n\n<p class=\"has-vivid-red-color has-text-color\"><strong>Je re\u0161itev za \u010dloveka, ki i\u0161\u010de lastno povezavo z zemljo in nebom<br>ter izku\u0161anje harmonije, ritma, spontanosti, miru, svetega trenutka sedaj.<\/strong> <\/p>\n\n\n\n<p class=\"has-text-color\" style=\"color:#a2690f\">Na bobnarskem krogu se mi je oblikovalo spoznanje, <br>da veliko ljudi potrebuje SAMO varen prostor, in rahlo pomo\u010d in podporo<br>da lahko izkri\u010di, izjo\u010de, izple\u0161e, izdiha, &#8230;. edino orodje, ki ga za to rabi\u0161, je tvoje telo. <br>Potrebuje\u0161 pa tudi lastno dovoljenje. Druga\u010de povedano: tvojo VOLJO. <\/p>\n\n\n\n<p class=\"has-vivid-purple-color has-text-color\">Cilj je, da se sprostimo, olaj\u0161amo \u010dustvenih in miselnih bremen, ustvarimo prostor za harmonijo in mir. <br>Cilj je, da smo \u010dim bolj prisotni, \u010dim bolj zavestni vsega, kar je, ter \u010dim bolj pristni. <br>Cilj je, da smo v stiku s svojo pravo naravo, s svojim dihom, s svojim zvokom, mislijo, besedo, &#8230; <br>Cilj je, da se ob vsem tem zabavamo in smo vedno bolj spro\u0161\u010deni in ustvarjalni. <\/p>\n\n\n\n<p class=\"has-vivid-red-color has-text-color\"><strong>Na KROG dobrodo\u0161li vsi, ki bi se radi ukoreninili globoko v Zemljo, <\/strong><br><strong>zato da se lahko \u0161e bolj prizemljeno premikamo po Njej. <\/strong><\/p>\n\n\n\n<p><em>Zaznavanje mo\u010di in intenzivnosti ritma \u017eivljenja je lahko za koga tudi pretresljivo. \u010ce ste po naravi preob\u010dutljivi, prosim opozorite na to in vas bomo upo\u0161tevali.<\/em> <\/p>\n\n\n\n<p>Krog usmerjam in povezujem \u017diga. <br>Izku\u0161nja \u0161teje, dnevi so sveti. <\/p>\n\n\n\n<p>Prijave in informacije o KROGU na e-mail: zum.muc(at)gmail.com <\/p>\n\n\n\n<p><a rel=\"noreferrer noopener\" href=\"http:\/\/www.severinkroj.com\/?page_id=521\" target=\"_blank\">URNIK VSEH DOGODKOV<\/a><\/p>\n","protected":false},"excerpt":{"rendered":"<p>URNIK VSEH DOGODKOV Krog Samospoznanja in Novih Poti Namenjen je spro\u0161\u010danju vsakr\u0161nih napetosti, s pomo\u010djo diha, giba, glasu, &#8230;. Namenjen je gojenju in poglabljanju stika z elementi narave, s ti\u0161ino, z lastnim glasom. Namenjen je spoznanju sebe skozi druge (ubuntu), uravnove\u0161anju na\u0161e biti. Namenjen je prakti\u010dni uporabi, svobodnemu izrazu in usmerjanju ustvarjalne energije. Krog je &hellip; <\/p>\n<p class=\"link-more\"><a href=\"http:\/\/www.severinkroj.com\/?page_id=1026\" class=\"more-link\">Preberi ve\u010d<span class=\"screen-reader-text\"> &#8220;Krog Samospoznanja in Novih Poti&#8221;<\/span><\/a><\/p>\n","protected":false},"author":2,"featured_media":0,"parent":0,"menu_order":0,"comment_status":"closed","ping_status":"closed","template":"","meta":{"footnotes":""},"class_list":["post-1026","page","type-page","status-publish","hentry"],"_links":{"self":[{"href":"http:\/\/www.severinkroj.com\/index.php?rest_route=\/wp\/v2\/pages\/1026","targetHints":{"allow":["GET"]}}],"collection":[{"href":"http:\/\/www.severinkroj.com\/index.php?rest_route=\/wp\/v2\/pages"}],"about":[{"href":"http:\/\/www.severinkroj.com\/index.php?rest_route=\/wp\/v2\/types\/page"}],"author":[{"embeddable":true,"href":"http:\/\/www.severinkroj.com\/index.php?rest_route=\/wp\/v2\/users\/2"}],"replies":[{"embeddable":true,"href":"http:\/\/www.severinkroj.com\/index.php?rest_route=%2Fwp%2Fv2%2Fcomments&post=1026"}],"version-history":[{"count":10,"href":"http:\/\/www.severinkroj.com\/index.php?rest_route=\/wp\/v2\/pages\/1026\/revisions"}],"predecessor-version":[{"id":1046,"href":"http:\/\/www.severinkroj.com\/index.php?rest_route=\/wp\/v2\/pages\/1026\/revisions\/1046"}],"wp:attachment":[{"href":"http:\/\/www.severinkroj.com\/index.php?rest_route=%2Fwp%2Fv2%2Fmedia&parent=1026"}],"curies":[{"name":"wp","href":"https:\/\/api.w.org\/{rel}","templated":true}]}}